{"id":721,"date":"2014-02-16T23:24:30","date_gmt":"2014-02-16T23:24:30","guid":{"rendered":"http:\/\/abucaman.org\/colabora-5"},"modified":"2014-03-29T23:01:52","modified_gmt":"2014-03-29T23:01:52","slug":"colabora-5","status":"publish","type":"page","link":"https:\/\/abucaman.org\/?page_id=721","title":{"rendered":"Colabora"},"content":{"rendered":"<p><a href=\"http:\/\/abucaman.org\/wp-content\/uploads\/2014\/02\/voluntario.jpeg\"><img loading=\"lazy\" decoding=\"async\" class=\"alignleft  wp-image-1031\" alt=\"voluntario\" src=\"http:\/\/abucaman.org\/wp-content\/uploads\/2014\/02\/voluntario.jpeg\" width=\"143\" height=\"146\" \/><\/a>En los programas que se llevan a cabo desde <span style=\"color: #0000ff;\"><b>ABUCAMAN<\/b> l<\/span>a ayuda de los voluntarios es imprescindible, por ello, se plantea la organizaci\u00f3n del voluntariado desde los cauces de la captaci\u00f3n, la formaci\u00f3n y la participaci\u00f3n. Actualmente los voluntarios\u00a0 participan en diversas actividades como servicio de atenci\u00f3n telef\u00f3nica, talleres de prevenci\u00f3n, divulgaci\u00f3n y difusi\u00f3n de informaci\u00f3n sobre los TCA, colaboraci\u00f3n con medios de comunicaci\u00f3n, terapia de padres, entre otras.<\/p>\n<p><iframe loading=\"lazy\" src=\"https:\/\/docs.google.com\/forms\/d\/1__9MibJ9h4n9M898sSe3-hB9j0bKiWeH-WOq0ePT92A\/viewform?embedded=true\" height=\"500\" width=\"500\" frameborder=\"100\" marginwidth=\"100\" marginheight=\"100\"><\/iframe><\/p>\n","protected":false},"excerpt":{"rendered":"<p>En los programas que se llevan a cabo desde ABUCAMAN la ayuda de los voluntarios es imprescindible, por ello, se<\/p>\n","protected":false},"author":1,"featured_media":0,"parent":0,"menu_order":27,"comment_status":"closed","ping_status":"open","template":"","meta":{"footnotes":""},"class_list":["post-721","page","type-page","status-publish","hentry","wpautop"],"yoast_head":"<!-- This site is optimized with the Yoast SEO plugin v21.5 - https:\/\/yoast.com\/wordpress\/plugins\/seo\/ -->\n<title>Colabora - Siempre cerca de ti...<\/title>\n<meta name=\"robots\" content=\"index, follow, max-snippet:-1, max-image-preview:large, max-video-preview:-1\" \/>\n<link rel=\"canonical\" href=\"https:\/\/abucaman.org\/?page_id=721\" \/>\n<meta property=\"og:locale\" content=\"es_ES\" \/>\n<meta property=\"og:type\" content=\"article\" \/>\n<meta property=\"og:title\" content=\"Colabora - Siempre cerca de ti...\" \/>\n<meta property=\"og:description\" content=\"En los programas que se llevan a cabo desde ABUCAMAN la ayuda de los voluntarios es imprescindible, por ello, se\" \/>\n<meta property=\"og:url\" content=\"https:\/\/abucaman.org\/?page_id=721\" \/>\n<meta property=\"og:site_name\" content=\"Siempre cerca de ti...\" \/>\n<meta property=\"article:modified_time\" content=\"2014-03-29T23:01:52+00:00\" \/>\n<meta property=\"og:image\" content=\"http:\/\/abucaman.org\/wp-content\/uploads\/2014\/02\/voluntario.jpeg\" \/>\n<meta name=\"twitter:card\" content=\"summary_large_image\" \/>\n<script type=\"application\/ld+json\" class=\"yoast-schema-graph\">{\"@context\":\"https:\/\/schema.org\",\"@graph\":[{\"@type\":\"WebPage\",\"@id\":\"https:\/\/abucaman.org\/?page_id=721\",\"url\":\"https:\/\/abucaman.org\/?page_id=721\",\"name\":\"Colabora - Siempre cerca de ti...\",\"isPartOf\":{\"@id\":\"https:\/\/abucaman.org\/#website\"},\"datePublished\":\"2014-02-16T23:24:30+00:00\",\"dateModified\":\"2014-03-29T23:01:52+00:00\",\"breadcrumb\":{\"@id\":\"https:\/\/abucaman.org\/?page_id=721#breadcrumb\"},\"inLanguage\":\"es\",\"potentialAction\":[{\"@type\":\"ReadAction\",\"target\":[\"https:\/\/abucaman.org\/?page_id=721\"]}]},{\"@type\":\"BreadcrumbList\",\"@id\":\"https:\/\/abucaman.org\/?page_id=721#breadcrumb\",\"itemListElement\":[{\"@type\":\"ListItem\",\"position\":1,\"name\":\"Portada\",\"item\":\"https:\/\/abucaman.org\/\"},{\"@type\":\"ListItem\",\"position\":2,\"name\":\"Colabora\"}]},{\"@type\":\"WebSite\",\"@id\":\"https:\/\/abucaman.org\/#website\",\"url\":\"https:\/\/abucaman.org\/\",\"name\":\"Abucaman\",\"description\":\"\",\"publisher\":{\"@id\":\"https:\/\/abucaman.org\/#organization\"},\"potentialAction\":[{\"@type\":\"SearchAction\",\"target\":{\"@type\":\"EntryPoint\",\"urlTemplate\":\"https:\/\/abucaman.org\/?s={search_term_string}\"},\"query-input\":\"required name=search_term_string\"}],\"inLanguage\":\"es\"},{\"@type\":\"Organization\",\"@id\":\"https:\/\/abucaman.org\/#organization\",\"name\":\"abucaman\",\"url\":\"https:\/\/abucaman.org\/\",\"logo\":{\"@type\":\"ImageObject\",\"inLanguage\":\"es\",\"@id\":\"https:\/\/abucaman.org\/#\/schema\/logo\/image\/\",\"url\":\"https:\/\/abucaman.org\/wp-content\/uploads\/2014\/03\/Logo-abucaman-2-png.png\",\"contentUrl\":\"https:\/\/abucaman.org\/wp-content\/uploads\/2014\/03\/Logo-abucaman-2-png.png\",\"width\":560,\"height\":420,\"caption\":\"abucaman\"},\"image\":{\"@id\":\"https:\/\/abucaman.org\/#\/schema\/logo\/image\/\"}}]}<\/script>\n<!-- \/ Yoast SEO plugin. -->","yoast_head_json":{"title":"Colabora - Siempre cerca de ti...","robots":{"index":"index","follow":"follow","max-snippet":"max-snippet:-1","max-image-preview":"max-image-preview:large","max-video-preview":"max-video-preview:-1"},"canonical":"https:\/\/abucaman.org\/?page_id=721","og_locale":"es_ES","og_type":"article","og_title":"Colabora - Siempre cerca de ti...","og_description":"En los programas que se llevan a cabo desde ABUCAMAN la ayuda de los voluntarios es imprescindible, por ello, se","og_url":"https:\/\/abucaman.org\/?page_id=721","og_site_name":"Siempre cerca de ti...","article_modified_time":"2014-03-29T23:01:52+00:00","og_image":[{"url":"http:\/\/abucaman.org\/wp-content\/uploads\/2014\/02\/voluntario.jpeg"}],"twitter_card":"summary_large_image","schema":{"@context":"https:\/\/schema.org","@graph":[{"@type":"WebPage","@id":"https:\/\/abucaman.org\/?page_id=721","url":"https:\/\/abucaman.org\/?page_id=721","name":"Colabora - Siempre cerca de ti...","isPartOf":{"@id":"https:\/\/abucaman.org\/#website"},"datePublished":"2014-02-16T23:24:30+00:00","dateModified":"2014-03-29T23:01:52+00:00","breadcrumb":{"@id":"https:\/\/abucaman.org\/?page_id=721#breadcrumb"},"inLanguage":"es","potentialAction":[{"@type":"ReadAction","target":["https:\/\/abucaman.org\/?page_id=721"]}]},{"@type":"BreadcrumbList","@id":"https:\/\/abucaman.org\/?page_id=721#breadcrumb","itemListElement":[{"@type":"ListItem","position":1,"name":"Portada","item":"https:\/\/abucaman.org\/"},{"@type":"ListItem","position":2,"name":"Colabora"}]},{"@type":"WebSite","@id":"https:\/\/abucaman.org\/#website","url":"https:\/\/abucaman.org\/","name":"Abucaman","description":"","publisher":{"@id":"https:\/\/abucaman.org\/#organization"},"potentialAction":[{"@type":"SearchAction","target":{"@type":"EntryPoint","urlTemplate":"https:\/\/abucaman.org\/?s={search_term_string}"},"query-input":"required name=search_term_string"}],"inLanguage":"es"},{"@type":"Organization","@id":"https:\/\/abucaman.org\/#organization","name":"abucaman","url":"https:\/\/abucaman.org\/","logo":{"@type":"ImageObject","inLanguage":"es","@id":"https:\/\/abucaman.org\/#\/schema\/logo\/image\/","url":"https:\/\/abucaman.org\/wp-content\/uploads\/2014\/03\/Logo-abucaman-2-png.png","contentUrl":"https:\/\/abucaman.org\/wp-content\/uploads\/2014\/03\/Logo-abucaman-2-png.png","width":560,"height":420,"caption":"abucaman"},"image":{"@id":"https:\/\/abucaman.org\/#\/schema\/logo\/image\/"}}]}},"_links":{"self":[{"href":"https:\/\/abucaman.org\/index.php?rest_route=\/wp\/v2\/pages\/721","targetHints":{"allow":["GET"]}}],"collection":[{"href":"https:\/\/abucaman.org\/index.php?rest_route=\/wp\/v2\/pages"}],"about":[{"href":"https:\/\/abucaman.org\/index.php?rest_route=\/wp\/v2\/types\/page"}],"author":[{"embeddable":true,"href":"https:\/\/abucaman.org\/index.php?rest_route=\/wp\/v2\/users\/1"}],"replies":[{"embeddable":true,"href":"https:\/\/abucaman.org\/index.php?rest_route=%2Fwp%2Fv2%2Fcomments&post=721"}],"version-history":[{"count":0,"href":"https:\/\/abucaman.org\/index.php?rest_route=\/wp\/v2\/pages\/721\/revisions"}],"wp:attachment":[{"href":"https:\/\/abucaman.org\/index.php?rest_route=%2Fwp%2Fv2%2Fmedia&parent=721"}],"curies":[{"name":"wp","href":"https:\/\/api.w.org\/{rel}","templated":true}]}}