{"id":717,"date":"2014-02-16T23:24:26","date_gmt":"2014-02-16T23:24:26","guid":{"rendered":"http:\/\/abucaman.org\/trastornos-5\/preguntas"},"modified":"2014-04-01T20:44:42","modified_gmt":"2014-04-01T20:44:42","slug":"preguntas","status":"publish","type":"page","link":"https:\/\/abucaman.org\/?page_id=717","title":{"rendered":"Preguntas m\u00e1s frecuentes"},"content":{"rendered":"<p align=\"center\">\n<p align=\"center\">\n<ul>\n<li><span style=\"text-decoration: underline;\"><span style=\"color: #0000ff;\"><strong>\u00bfCuales son las causas de los trastornos de la conducta alimentaria?<\/strong><\/span><\/span><\/li>\n<\/ul>\n<p>No se conocen las causas de estas enfermedades pero si \u00a0los factores que los predispones o desencadenan, (el grupo de iguales, la familia, los medios de comunicaci\u00f3n, acontecimientos vitales, la moda, la industria diet\u00e9tica, todos ellos influyen notablemente en la aparici\u00f3n de \u00e9stos trastornos y que junto a situaciones estresantes pueden dar lugar a un TCA). Por lo tanto los trastornos son \u00a0multicausales y en los que influyen factores biol\u00f3gicos, psicol\u00f3gicos y socio culturales.<\/p>\n<p align=\"center\">\n<ul>\n<li><strong style=\"line-height: 1.5em;\"><span style=\"color: #0000ff;\"><span style=\"text-decoration: underline;\">\u00bfPor qu\u00e9 en la adolescencia?<\/span><\/span><\/strong><\/li>\n<\/ul>\n<p>&nbsp;<\/p>\n<ul>\n<li>Cambios corporales: aumento de peso, aumento de caderas, de pechos.<\/li>\n<li>Comienzan los contactos m\u00e1s estrechos con el sexo opuesto.<\/li>\n<li>Busca referencias externas; mira m\u00e1s y es mirada.<\/li>\n<li>Enamoramientos y decepciones amorosas.<\/li>\n<li>Malos entendidos y susceptibilidades con las amigas.<\/li>\n<\/ul>\n<p>&nbsp;<\/p>\n<ul>\n<li><strong><span style=\"color: #0000ff;\"><span style=\"text-decoration: underline;\">\u00bfPor qu\u00e9 m\u00e1s en las mujeres?<\/span><\/span><\/strong><\/li>\n<\/ul>\n<p>&nbsp;<\/p>\n<ul>\n<li><b> <span style=\"color: #ff0000;\">Ser mujer <\/span><\/b>= ser femenina<\/li>\n<li><b> <span style=\"color: #ff0000;\">Femenidad<\/span><\/b>: grado en que las mujeres poseen caracter\u00edsticas asociadas a su estereotipo sexual; las mujeres femeninas son:<\/li>\n<\/ul>\n<ul style=\"list-style-type: circle;\">\n<li><span style=\"font-size: small;\">\u00a0A<\/span>tractivas, es decir, guapas.<\/li>\n<\/ul>\n<ul style=\"list-style-type: circle;\">\n<li>Gustar a los hombres<\/li>\n<\/ul>\n<ul style=\"list-style-type: circle;\">\n<li>\u00a0Gustar a las mujeres<\/li>\n<\/ul>\n<ul style=\"list-style-type: circle;\">\n<li>Preocuparse de c\u00f3mo se sienten los dem\u00e1<\/li>\n<\/ul>\n<ul style=\"list-style-type: circle;\">\n<li>Preocuparse del bienestar de los otros.<\/li>\n<\/ul>\n<ul style=\"list-style-type: circle;\">\n<li>Preocuparse por ser aceptada y evitar a toda costa la desaprobaci\u00f3n.<\/li>\n<\/ul>\n<ul style=\"list-style-type: circle;\">\n<li>Ser sociable o, al menos, dar la impresi\u00f3n de amabilidad.<\/li>\n<\/ul>\n<ul style=\"list-style-type: circle;\">\n<li>\u00a0Estar delgada es necesario para ser feliz, tener \u00e9xito profesional y sentimental.<\/li>\n<\/ul>\n<ul style=\"list-style-type: circle;\">\n<li>Estar delgada = autocontrol<\/li>\n<\/ul>\n<ul style=\"list-style-type: circle;\">\n<li>Estar delgada significa ser m\u00e1s deseable.<\/li>\n<\/ul>\n<ul style=\"list-style-type: circle;\">\n<li>Estar delgada significa conseguir lo que uno se propone.<\/li>\n<\/ul>\n<p style=\"text-align: center;\">\u00a0<strong><\/strong><\/p>\n<ul style=\"list-style-type: square;\">\n<li><strong><span style=\"text-decoration: underline;\"><span style=\"color: #0000ff; font-family: 'Comic Sans MS';\">El papel de la dieta<\/span><\/span><\/strong><\/li>\n<\/ul>\n<p><i> Seguir una dieta muy restrictiva puede conducir a que, en un momento de debilidad, la persona no solo se la salte sino que acuda a los alimentos m\u00e1s prohibidos. Es frecuente que cuando se viola la dieta se caiga en la comilona incontrolada. Terminada esta, la persona siente\u00a0 miedo, un terror terrible a incrementar su peso, incrementa el miedo y la ansiedad, y la salida a esta insatisfacci\u00f3n y sufrimiento es el vomito y los laxantes. Pero estos h\u00e1bitos purgativos adem\u00e1s de eliminar nutrientes, producen de privaci\u00f3n biol\u00f3gica y despiertan en la persona sensaciones de hambre, las cuales le conducir\u00edan de nuevo a la repetici\u00f3n de comilonas.<\/i><\/p>\n<ul style=\"list-style-type: square;\">\n<li><b><span style=\"color: #0000ff;\">\u00a0\u00a0\u00a0\u00a0 <span style=\"text-decoration: underline;\">\u00bfLa forma de pulga de los bul\u00edmicos es solo el v\u00f3mito?<\/span><\/span><\/b><\/li>\n<\/ul>\n<p>No, todos lo bul\u00edmicos se liberan de las calor\u00edas consumidas por medio del v\u00f3mito. La pura puede ser por medio de laxantes, diur\u00e9ticos, ejercicio o ayunos.<\/p>\n<ul style=\"list-style-type: square;\">\n<li><span style=\"font-size: small;\">\u00a0\u00a0\u00a0\u00a0\u00a0\u00a0<span style=\"color: #0000ff;\">\u00a0\u00a0<\/span><\/span><span style=\"color: #0000ff;\"><b><span style=\"text-decoration: underline;\">\u00bfLa gente con desordenes alimenticios hacen esto para lastimar a sus familiares o amigos?<\/span><\/b><\/span><\/li>\n<\/ul>\n<p>La gente con desordenes alimenticios se hacen da\u00f1o a si mismos. Por lo general,\u00a0 les duele mucho que la gente de su alrededor se preocupen o sean lastimados por su desorden.<\/p>\n<ul style=\"list-style-type: square;\">\n<li><span style=\"color: #0000ff;\">\u00a0\u00a0\u00a0\u00a0\u00a0\u00a0 <b> <span style=\"text-decoration: underline;\">\u00bfLos anor\u00e9xicos comen chocolate, caramelos, etc.?<\/span><\/b><\/span><\/li>\n<\/ul>\n<p>Muchos anor\u00e9xicos evitan estas comidas, pero algunas las comen regularmente, si es que decide que seas son las X cal\u00f3ricos del d\u00eda.<\/p>\n<ul style=\"list-style-type: square;\">\n<li><span style=\"color: #0000ff;\"> <b> <span style=\"text-decoration: underline;\">\u00bfLos desordenes alimenticios son \u00fanicamente un problema con la comida?<\/span><\/b><\/span><\/li>\n<\/ul>\n<p>El desorden alimenticio entre otras cosas se enfoca en la comida, peso y las calor\u00edas, una persona logra bloquear los sentimientos y las emociones dolorosas. Algunas personas usan la comida como una manera de confrontarse a si mismas. Los desordenes alimenticios no son solo problemas con la comida, son un s\u00edntoma que tapa otros problemas.<\/p>\n<ul>\n<li><span style=\"text-decoration: underline;\"><strong><span style=\"color: #0000ff; text-decoration: underline;\">\u00bfQu\u00e9 hemos hecho mal? \u00bfTengo la yo la culpa?<\/span><\/strong><\/span><\/li>\n<\/ul>\n<p>No se atormente, ni se sienta culpable.<\/p>\n<p>No solucionaremos nada buscando culpables porque no los hay. Busque la ayuda de un buen profesional y acuda a ABUCAMAN le podremos orientar y apoyar en el proceso de la enfermedad.<\/p>\n<p>&nbsp;<\/p>\n<p><strong>\u00a0<\/strong><\/p>\n","protected":false},"excerpt":{"rendered":"<p>\u00bfCuales son las causas de los trastornos de la conducta alimentaria? No se conocen las causas de estas enfermedades pero<\/p>\n","protected":false},"author":1,"featured_media":0,"parent":705,"menu_order":23,"comment_status":"closed","ping_status":"open","template":"","meta":{"footnotes":""},"class_list":["post-717","page","type-page","status-publish","hentry","wpautop"],"yoast_head":"<!-- This site is optimized with the Yoast SEO plugin v21.5 - https:\/\/yoast.com\/wordpress\/plugins\/seo\/ -->\n<title>Preguntas m\u00e1s frecuentes - Siempre cerca de ti...<\/title>\n<meta name=\"robots\" content=\"index, follow, max-snippet:-1, max-image-preview:large, max-video-preview:-1\" \/>\n<link rel=\"canonical\" href=\"https:\/\/abucaman.org\/?page_id=717\" \/>\n<meta property=\"og:locale\" content=\"es_ES\" \/>\n<meta property=\"og:type\" content=\"article\" \/>\n<meta property=\"og:title\" content=\"Preguntas m\u00e1s frecuentes - Siempre cerca de ti...\" \/>\n<meta property=\"og:description\" content=\"\u00bfCuales son las causas de los trastornos de la conducta alimentaria? No se conocen las causas de estas enfermedades pero\" \/>\n<meta property=\"og:url\" content=\"https:\/\/abucaman.org\/?page_id=717\" \/>\n<meta property=\"og:site_name\" content=\"Siempre cerca de ti...\" \/>\n<meta property=\"article:modified_time\" content=\"2014-04-01T20:44:42+00:00\" \/>\n<meta name=\"twitter:card\" content=\"summary_large_image\" \/>\n<meta name=\"twitter:label1\" content=\"Tiempo de lectura\" \/>\n\t<meta name=\"twitter:data1\" content=\"3 minutos\" \/>\n<script type=\"application\/ld+json\" class=\"yoast-schema-graph\">{\"@context\":\"https:\/\/schema.org\",\"@graph\":[{\"@type\":\"WebPage\",\"@id\":\"https:\/\/abucaman.org\/?page_id=717\",\"url\":\"https:\/\/abucaman.org\/?page_id=717\",\"name\":\"Preguntas m\u00e1s frecuentes - Siempre cerca de ti...\",\"isPartOf\":{\"@id\":\"https:\/\/abucaman.org\/#website\"},\"datePublished\":\"2014-02-16T23:24:26+00:00\",\"dateModified\":\"2014-04-01T20:44:42+00:00\",\"breadcrumb\":{\"@id\":\"https:\/\/abucaman.org\/?page_id=717#breadcrumb\"},\"inLanguage\":\"es\",\"potentialAction\":[{\"@type\":\"ReadAction\",\"target\":[\"https:\/\/abucaman.org\/?page_id=717\"]}]},{\"@type\":\"BreadcrumbList\",\"@id\":\"https:\/\/abucaman.org\/?page_id=717#breadcrumb\",\"itemListElement\":[{\"@type\":\"ListItem\",\"position\":1,\"name\":\"Portada\",\"item\":\"https:\/\/abucaman.org\/\"},{\"@type\":\"ListItem\",\"position\":2,\"name\":\"Trastornos\",\"item\":\"https:\/\/abucaman.org\/?page_id=705\"},{\"@type\":\"ListItem\",\"position\":3,\"name\":\"Preguntas m\u00e1s frecuentes\"}]},{\"@type\":\"WebSite\",\"@id\":\"https:\/\/abucaman.org\/#website\",\"url\":\"https:\/\/abucaman.org\/\",\"name\":\"Abucaman\",\"description\":\"\",\"publisher\":{\"@id\":\"https:\/\/abucaman.org\/#organization\"},\"potentialAction\":[{\"@type\":\"SearchAction\",\"target\":{\"@type\":\"EntryPoint\",\"urlTemplate\":\"https:\/\/abucaman.org\/?s={search_term_string}\"},\"query-input\":\"required name=search_term_string\"}],\"inLanguage\":\"es\"},{\"@type\":\"Organization\",\"@id\":\"https:\/\/abucaman.org\/#organization\",\"name\":\"abucaman\",\"url\":\"https:\/\/abucaman.org\/\",\"logo\":{\"@type\":\"ImageObject\",\"inLanguage\":\"es\",\"@id\":\"https:\/\/abucaman.org\/#\/schema\/logo\/image\/\",\"url\":\"https:\/\/abucaman.org\/wp-content\/uploads\/2014\/03\/Logo-abucaman-2-png.png\",\"contentUrl\":\"https:\/\/abucaman.org\/wp-content\/uploads\/2014\/03\/Logo-abucaman-2-png.png\",\"width\":560,\"height\":420,\"caption\":\"abucaman\"},\"image\":{\"@id\":\"https:\/\/abucaman.org\/#\/schema\/logo\/image\/\"}}]}<\/script>\n<!-- \/ Yoast SEO plugin. -->","yoast_head_json":{"title":"Preguntas m\u00e1s frecuentes - Siempre cerca de ti...","robots":{"index":"index","follow":"follow","max-snippet":"max-snippet:-1","max-image-preview":"max-image-preview:large","max-video-preview":"max-video-preview:-1"},"canonical":"https:\/\/abucaman.org\/?page_id=717","og_locale":"es_ES","og_type":"article","og_title":"Preguntas m\u00e1s frecuentes - Siempre cerca de ti...","og_description":"\u00bfCuales son las causas de los trastornos de la conducta alimentaria? No se conocen las causas de estas enfermedades pero","og_url":"https:\/\/abucaman.org\/?page_id=717","og_site_name":"Siempre cerca de ti...","article_modified_time":"2014-04-01T20:44:42+00:00","twitter_card":"summary_large_image","twitter_misc":{"Tiempo de lectura":"3 minutos"},"schema":{"@context":"https:\/\/schema.org","@graph":[{"@type":"WebPage","@id":"https:\/\/abucaman.org\/?page_id=717","url":"https:\/\/abucaman.org\/?page_id=717","name":"Preguntas m\u00e1s frecuentes - Siempre cerca de ti...","isPartOf":{"@id":"https:\/\/abucaman.org\/#website"},"datePublished":"2014-02-16T23:24:26+00:00","dateModified":"2014-04-01T20:44:42+00:00","breadcrumb":{"@id":"https:\/\/abucaman.org\/?page_id=717#breadcrumb"},"inLanguage":"es","potentialAction":[{"@type":"ReadAction","target":["https:\/\/abucaman.org\/?page_id=717"]}]},{"@type":"BreadcrumbList","@id":"https:\/\/abucaman.org\/?page_id=717#breadcrumb","itemListElement":[{"@type":"ListItem","position":1,"name":"Portada","item":"https:\/\/abucaman.org\/"},{"@type":"ListItem","position":2,"name":"Trastornos","item":"https:\/\/abucaman.org\/?page_id=705"},{"@type":"ListItem","position":3,"name":"Preguntas m\u00e1s frecuentes"}]},{"@type":"WebSite","@id":"https:\/\/abucaman.org\/#website","url":"https:\/\/abucaman.org\/","name":"Abucaman","description":"","publisher":{"@id":"https:\/\/abucaman.org\/#organization"},"potentialAction":[{"@type":"SearchAction","target":{"@type":"EntryPoint","urlTemplate":"https:\/\/abucaman.org\/?s={search_term_string}"},"query-input":"required name=search_term_string"}],"inLanguage":"es"},{"@type":"Organization","@id":"https:\/\/abucaman.org\/#organization","name":"abucaman","url":"https:\/\/abucaman.org\/","logo":{"@type":"ImageObject","inLanguage":"es","@id":"https:\/\/abucaman.org\/#\/schema\/logo\/image\/","url":"https:\/\/abucaman.org\/wp-content\/uploads\/2014\/03\/Logo-abucaman-2-png.png","contentUrl":"https:\/\/abucaman.org\/wp-content\/uploads\/2014\/03\/Logo-abucaman-2-png.png","width":560,"height":420,"caption":"abucaman"},"image":{"@id":"https:\/\/abucaman.org\/#\/schema\/logo\/image\/"}}]}},"_links":{"self":[{"href":"https:\/\/abucaman.org\/index.php?rest_route=\/wp\/v2\/pages\/717","targetHints":{"allow":["GET"]}}],"collection":[{"href":"https:\/\/abucaman.org\/index.php?rest_route=\/wp\/v2\/pages"}],"about":[{"href":"https:\/\/abucaman.org\/index.php?rest_route=\/wp\/v2\/types\/page"}],"author":[{"embeddable":true,"href":"https:\/\/abucaman.org\/index.php?rest_route=\/wp\/v2\/users\/1"}],"replies":[{"embeddable":true,"href":"https:\/\/abucaman.org\/index.php?rest_route=%2Fwp%2Fv2%2Fcomments&post=717"}],"version-history":[{"count":0,"href":"https:\/\/abucaman.org\/index.php?rest_route=\/wp\/v2\/pages\/717\/revisions"}],"up":[{"embeddable":true,"href":"https:\/\/abucaman.org\/index.php?rest_route=\/wp\/v2\/pages\/705"}],"wp:attachment":[{"href":"https:\/\/abucaman.org\/index.php?rest_route=%2Fwp%2Fv2%2Fmedia&parent=717"}],"curies":[{"name":"wp","href":"https:\/\/api.w.org\/{rel}","templated":true}]}}