{"id":714,"date":"2014-02-16T23:24:23","date_gmt":"2014-02-16T23:24:23","guid":{"rendered":"http:\/\/abucaman.org\/trastornos-5\/que-hacer"},"modified":"2014-04-01T23:01:31","modified_gmt":"2014-04-01T23:01:31","slug":"que-hacer","status":"publish","type":"page","link":"https:\/\/abucaman.org\/?page_id=714","title":{"rendered":"\u00bfQu\u00e9 hacer?"},"content":{"rendered":"<ul>\n<li>Lo primero que debemos hacer es cerciorarnos de que se padece de un TCA.\u00a0 Para ello la mejor t\u00e9cnica que podemos emplear es la observaci\u00f3n durante una semana de sus comportamientos con la comida, sus ideas sobre su cuerpo, etc, \u00a0por ejemplo en el siguiente <strong>video<\/strong> se indican algunas de las anteriores pautas.<\/li>\n<\/ul>\n<p style=\"text-align: center;\">\n<iframe loading=\"lazy\" src=\"http:\/\/www.dailymotion.com\/embed\/video\/x1dlpmc\" height=\"270\" width=\"480\" allowfullscreen=\"\" frameborder=\"0\"><\/iframe><br \/>\n<a href=\"http:\/\/www.dailymotion.com\/video\/x1dlpmc_tratamiento-para-la-anorexia-trastornos-alimentarios-anorexia-bulimia_news\" target=\"_blank\">Tratamiento Para La Anorexia &#8211; Trastornos&#8230;<\/a> <i>por <a href=\"http:\/\/www.dailymotion.com\/resamor\" target=\"_blank\">resamor<\/a><\/i>\n<\/p>\n<p>&nbsp;<\/p>\n<blockquote><p>\u00a0En resumen observar con atenci\u00f3n pautas de compartamiento<img loading=\"lazy\" decoding=\"async\" class=\"wp-image-1044 alignright\" alt=\"observar\" src=\"http:\/\/abucaman.org\/wp-content\/uploads\/2014\/02\/observar.jpeg\" width=\"185\" height=\"134\" \/><\/p>\n<p>&nbsp;<\/p><\/blockquote>\n<ul>\n<li>Debemos reunir informaci\u00f3n, leyendo libros, art\u00edculos, folletos, revistas, acudir a asociaciones o hablar con profesionales, etc.<\/li>\n<\/ul>\n<ul>\n<li><span style=\"font-family: 'Comic Sans MS'; font-size: small;\">De manera cari\u00f1osa, sincera, preocupada, y sin hacer juicios de valor debemos decir a la persona lo que hemos observado y sugerirles la b\u00fasqueda que hab\u00edamos hecho anteriormente, el consejo medico y psicol\u00f3gico<\/span><\/li>\n<\/ul>\n<blockquote><p>\u00a0<img loading=\"lazy\" decoding=\"async\" class=\"wp-image-1048 alignleft\" alt=\"consulta2\" src=\"http:\/\/abucaman.org\/wp-content\/uploads\/2014\/02\/consulta2.jpeg\" width=\"198\" height=\"125\" \/>Pedir consejo especializado<\/p><\/blockquote>\n<ul>\n<li>Evita hacer reglas, promesas, tratos o expectativas que no puedes cumplir, como no decir nada a nadie o si lo vuelves a hacer no te hablo m\u00e1s.<\/li>\n<\/ul>\n<p>&nbsp;<\/p>\n<ul>\n<li>Si la persona si niega a reconocer que tiene un problema es mejor consultar con psic\u00f3logos, psiquiatras, educadores, trabajadores sociales, etc.<\/li>\n<\/ul>\n<p>&nbsp;<\/p>\n<ul>\n<li>No podemos obligar a nadie a buscar ayuda o cambiar sus h\u00e1bitos, pero si podemos comprender sus preocupaciones, ofreciendo apoyo y buscando informaci\u00f3n, es una buena forma de ayudar.<\/li>\n<\/ul>\n<p>&nbsp;<\/p>\n<p>No hay que olvidar que cualquier persona que padece un TCA necesitan ayuda profesional. Esta ayuda existe y nos ofrece una esperanza para superar estos problemas. <b> <span style=\"color: #ff0000;\">Tu labor es acercar esa ayuda a quien lo necesita.<\/span><\/b><\/p>\n","protected":false},"excerpt":{"rendered":"<p>Lo primero que debemos hacer es cerciorarnos de que se padece de un TCA.\u00a0 Para ello la mejor t\u00e9cnica que<\/p>\n","protected":false},"author":1,"featured_media":0,"parent":705,"menu_order":20,"comment_status":"closed","ping_status":"open","template":"","meta":{"footnotes":""},"class_list":["post-714","page","type-page","status-publish","hentry","wpautop"],"yoast_head":"<!-- This site is optimized with the Yoast SEO plugin v21.5 - https:\/\/yoast.com\/wordpress\/plugins\/seo\/ -->\n<title>\u00bfQu\u00e9 hacer? - Siempre cerca de ti...<\/title>\n<meta name=\"robots\" content=\"index, follow, max-snippet:-1, max-image-preview:large, max-video-preview:-1\" \/>\n<link rel=\"canonical\" href=\"https:\/\/abucaman.org\/?page_id=714\" \/>\n<meta property=\"og:locale\" content=\"es_ES\" \/>\n<meta property=\"og:type\" content=\"article\" \/>\n<meta property=\"og:title\" content=\"\u00bfQu\u00e9 hacer? - Siempre cerca de ti...\" \/>\n<meta property=\"og:description\" content=\"Lo primero que debemos hacer es cerciorarnos de que se padece de un TCA.\u00a0 Para ello la mejor t\u00e9cnica que\" \/>\n<meta property=\"og:url\" content=\"https:\/\/abucaman.org\/?page_id=714\" \/>\n<meta property=\"og:site_name\" content=\"Siempre cerca de ti...\" \/>\n<meta property=\"article:modified_time\" content=\"2014-04-01T23:01:31+00:00\" \/>\n<meta property=\"og:image\" content=\"http:\/\/abucaman.org\/wp-content\/uploads\/2014\/02\/observar.jpeg\" \/>\n<meta name=\"twitter:card\" content=\"summary_large_image\" \/>\n<meta name=\"twitter:label1\" content=\"Tiempo de lectura\" \/>\n\t<meta name=\"twitter:data1\" content=\"1 minuto\" \/>\n<script type=\"application\/ld+json\" class=\"yoast-schema-graph\">{\"@context\":\"https:\/\/schema.org\",\"@graph\":[{\"@type\":\"WebPage\",\"@id\":\"https:\/\/abucaman.org\/?page_id=714\",\"url\":\"https:\/\/abucaman.org\/?page_id=714\",\"name\":\"\u00bfQu\u00e9 hacer? - Siempre cerca de ti...\",\"isPartOf\":{\"@id\":\"https:\/\/abucaman.org\/#website\"},\"datePublished\":\"2014-02-16T23:24:23+00:00\",\"dateModified\":\"2014-04-01T23:01:31+00:00\",\"breadcrumb\":{\"@id\":\"https:\/\/abucaman.org\/?page_id=714#breadcrumb\"},\"inLanguage\":\"es\",\"potentialAction\":[{\"@type\":\"ReadAction\",\"target\":[\"https:\/\/abucaman.org\/?page_id=714\"]}]},{\"@type\":\"BreadcrumbList\",\"@id\":\"https:\/\/abucaman.org\/?page_id=714#breadcrumb\",\"itemListElement\":[{\"@type\":\"ListItem\",\"position\":1,\"name\":\"Portada\",\"item\":\"https:\/\/abucaman.org\/\"},{\"@type\":\"ListItem\",\"position\":2,\"name\":\"Trastornos\",\"item\":\"https:\/\/abucaman.org\/?page_id=705\"},{\"@type\":\"ListItem\",\"position\":3,\"name\":\"\u00bfQu\u00e9 hacer?\"}]},{\"@type\":\"WebSite\",\"@id\":\"https:\/\/abucaman.org\/#website\",\"url\":\"https:\/\/abucaman.org\/\",\"name\":\"Abucaman\",\"description\":\"\",\"publisher\":{\"@id\":\"https:\/\/abucaman.org\/#organization\"},\"potentialAction\":[{\"@type\":\"SearchAction\",\"target\":{\"@type\":\"EntryPoint\",\"urlTemplate\":\"https:\/\/abucaman.org\/?s={search_term_string}\"},\"query-input\":\"required name=search_term_string\"}],\"inLanguage\":\"es\"},{\"@type\":\"Organization\",\"@id\":\"https:\/\/abucaman.org\/#organization\",\"name\":\"abucaman\",\"url\":\"https:\/\/abucaman.org\/\",\"logo\":{\"@type\":\"ImageObject\",\"inLanguage\":\"es\",\"@id\":\"https:\/\/abucaman.org\/#\/schema\/logo\/image\/\",\"url\":\"https:\/\/abucaman.org\/wp-content\/uploads\/2014\/03\/Logo-abucaman-2-png.png\",\"contentUrl\":\"https:\/\/abucaman.org\/wp-content\/uploads\/2014\/03\/Logo-abucaman-2-png.png\",\"width\":560,\"height\":420,\"caption\":\"abucaman\"},\"image\":{\"@id\":\"https:\/\/abucaman.org\/#\/schema\/logo\/image\/\"}}]}<\/script>\n<!-- \/ Yoast SEO plugin. -->","yoast_head_json":{"title":"\u00bfQu\u00e9 hacer? - Siempre cerca de ti...","robots":{"index":"index","follow":"follow","max-snippet":"max-snippet:-1","max-image-preview":"max-image-preview:large","max-video-preview":"max-video-preview:-1"},"canonical":"https:\/\/abucaman.org\/?page_id=714","og_locale":"es_ES","og_type":"article","og_title":"\u00bfQu\u00e9 hacer? - Siempre cerca de ti...","og_description":"Lo primero que debemos hacer es cerciorarnos de que se padece de un TCA.\u00a0 Para ello la mejor t\u00e9cnica que","og_url":"https:\/\/abucaman.org\/?page_id=714","og_site_name":"Siempre cerca de ti...","article_modified_time":"2014-04-01T23:01:31+00:00","og_image":[{"url":"http:\/\/abucaman.org\/wp-content\/uploads\/2014\/02\/observar.jpeg"}],"twitter_card":"summary_large_image","twitter_misc":{"Tiempo de lectura":"1 minuto"},"schema":{"@context":"https:\/\/schema.org","@graph":[{"@type":"WebPage","@id":"https:\/\/abucaman.org\/?page_id=714","url":"https:\/\/abucaman.org\/?page_id=714","name":"\u00bfQu\u00e9 hacer? - Siempre cerca de ti...","isPartOf":{"@id":"https:\/\/abucaman.org\/#website"},"datePublished":"2014-02-16T23:24:23+00:00","dateModified":"2014-04-01T23:01:31+00:00","breadcrumb":{"@id":"https:\/\/abucaman.org\/?page_id=714#breadcrumb"},"inLanguage":"es","potentialAction":[{"@type":"ReadAction","target":["https:\/\/abucaman.org\/?page_id=714"]}]},{"@type":"BreadcrumbList","@id":"https:\/\/abucaman.org\/?page_id=714#breadcrumb","itemListElement":[{"@type":"ListItem","position":1,"name":"Portada","item":"https:\/\/abucaman.org\/"},{"@type":"ListItem","position":2,"name":"Trastornos","item":"https:\/\/abucaman.org\/?page_id=705"},{"@type":"ListItem","position":3,"name":"\u00bfQu\u00e9 hacer?"}]},{"@type":"WebSite","@id":"https:\/\/abucaman.org\/#website","url":"https:\/\/abucaman.org\/","name":"Abucaman","description":"","publisher":{"@id":"https:\/\/abucaman.org\/#organization"},"potentialAction":[{"@type":"SearchAction","target":{"@type":"EntryPoint","urlTemplate":"https:\/\/abucaman.org\/?s={search_term_string}"},"query-input":"required name=search_term_string"}],"inLanguage":"es"},{"@type":"Organization","@id":"https:\/\/abucaman.org\/#organization","name":"abucaman","url":"https:\/\/abucaman.org\/","logo":{"@type":"ImageObject","inLanguage":"es","@id":"https:\/\/abucaman.org\/#\/schema\/logo\/image\/","url":"https:\/\/abucaman.org\/wp-content\/uploads\/2014\/03\/Logo-abucaman-2-png.png","contentUrl":"https:\/\/abucaman.org\/wp-content\/uploads\/2014\/03\/Logo-abucaman-2-png.png","width":560,"height":420,"caption":"abucaman"},"image":{"@id":"https:\/\/abucaman.org\/#\/schema\/logo\/image\/"}}]}},"_links":{"self":[{"href":"https:\/\/abucaman.org\/index.php?rest_route=\/wp\/v2\/pages\/714","targetHints":{"allow":["GET"]}}],"collection":[{"href":"https:\/\/abucaman.org\/index.php?rest_route=\/wp\/v2\/pages"}],"about":[{"href":"https:\/\/abucaman.org\/index.php?rest_route=\/wp\/v2\/types\/page"}],"author":[{"embeddable":true,"href":"https:\/\/abucaman.org\/index.php?rest_route=\/wp\/v2\/users\/1"}],"replies":[{"embeddable":true,"href":"https:\/\/abucaman.org\/index.php?rest_route=%2Fwp%2Fv2%2Fcomments&post=714"}],"version-history":[{"count":0,"href":"https:\/\/abucaman.org\/index.php?rest_route=\/wp\/v2\/pages\/714\/revisions"}],"up":[{"embeddable":true,"href":"https:\/\/abucaman.org\/index.php?rest_route=\/wp\/v2\/pages\/705"}],"wp:attachment":[{"href":"https:\/\/abucaman.org\/index.php?rest_route=%2Fwp%2Fv2%2Fmedia&parent=714"}],"curies":[{"name":"wp","href":"https:\/\/api.w.org\/{rel}","templated":true}]}}