{"id":710,"date":"2014-02-16T23:24:19","date_gmt":"2014-02-16T23:24:19","guid":{"rendered":"http:\/\/abucaman.org\/trastornos-5\/tipos\/otros"},"modified":"2014-03-29T22:53:13","modified_gmt":"2014-03-29T22:53:13","slug":"otros","status":"publish","type":"page","link":"https:\/\/abucaman.org\/?page_id=710","title":{"rendered":"Otros trastornos"},"content":{"rendered":"<h5><span style=\"font-family: 'Comic Sans MS'; font-size: medium;\">ORTOREXIA<\/span><\/h5>\n<p><span style=\"font-family: 'Comic Sans MS'; font-size: small;\">\u00a0\u00a0\u00a0 La ortorexia es la obsesi\u00f3n patol\u00f3gica por consumir solamente comida sana. Esta obsesi\u00f3n puede llegar a transformarse en enfermedad si no se ingieren carnes, pescado u otros alimentos necesarios y se producen carencias nutricionales.<\/span><\/p>\n<p>&nbsp;<\/p>\n<p><span style=\"font-family: 'Comic Sans MS'; font-size: small;\"><span style=\"text-decoration: underline;\">\u00a0S\u00edntomas de la ortorexia:<\/span><\/span><\/p>\n<p>Aunque a\u00fan no se tienen suficientemente contrastados los s\u00edntomas, ya se tienen ciertos criterios b\u00e1sicos para poder diagnosticar (o catalogar) a un individuo como ortor\u00e9xico; siendo estos:<\/p>\n<p>Pasar m\u00e1s de 3 horas al d\u00eda pensando en su dieta sana del d\u00eda.<\/p>\n<p>Planificar su comida del siguiente d\u00eda.<\/p>\n<p>Conforme es mayor su trastorno ortor\u00e9xico, su calidad de vida es menor.<\/p>\n<p>Se a\u00edsla socialmente por su manera de comer.<\/p>\n<p>Le envuelve un deseo compulsivo de conocer y encontrar los alimentos m\u00e1s sanos.<\/p>\n<h4>VIGOREXIA<\/h4>\n<p><span style=\"font-family: 'Comic Sans MS'; font-size: small;\">\u00a0\u00a0\u00a0 Obsesi\u00f3n por verse musculoso, miradas continuas al espejo, continuas visitas a la b\u00e1scula, abandono de casi todas las actividades sociales, dedicaci\u00f3n casi exclusiva al gimnasio y a entrenar sin un objetivo claro, dietas ricas en prote\u00ednas, \u00abdemasiado\u00bb inter\u00e9s por anabolizantes y dem\u00e1s productos dopantes&#8230;<\/span><\/p>\n<h4><b><span style=\"text-decoration: underline;\"><span style=\"font-family: 'Comic Sans MS';\">PERMAREXIA<\/span><\/span><\/b><\/h4>\n<p><span style=\"font-family: 'Comic Sans MS';\"> <span style=\"font-size: small;\">\u00a0\u00a0\u00a0 Es un trastorno de la alimentaci\u00f3n, que consiste en una obsesi\u00f3n por la comida, que lleva a la persona a pensar que todo le hace mal, que todo la va a engordar y por lo mismo todo el tiempo est\u00e1 a dieta.<\/span><span style=\"font-size: small;\"><b> <\/b>Consiste en una obsesi\u00f3n por la comida que lleva a la persona a \u00abestar permanentemente a dieta\u00bb. Afecta a un importante porcentaje de poblaci\u00f3n, especialmente a mujeres.<\/span><\/span><\/p>\n<div><\/div>\n<p><span style=\"font-family: 'Comic Sans MS'; font-size: small;\">\u00a0<\/span>\u00a0\u00a0\u00a0 Los principales s\u00edntomas de este grave problema, son:<br \/>\n&#8211; Preocupaci\u00f3n constante por conocer y utilizar dietas de forma indiscriminada.<br \/>\n&#8211; Dejar de comer alimentos que son necesarios para el organismo, generalmente los carbohidratos y cuando no hay necesidad ni siquiera de restringirlos, ya que el peso de la persona es el adecuado o menor al deseado.<br \/>\n&#8211; Obsesi\u00f3n por las calor\u00edas que contienen los alimentos.<br \/>\n&#8211; Rebotes de yo-yo, constantes, por las subidas y bajadas permanentes de peso, que ocasionan fuertes desajustes en el sistema endocrino de la persona que pueden llevarla a complicaciones fatales.<\/p>\n<h4><b><span style=\"text-decoration: underline;\"><span style=\"font-family: 'Comic Sans MS';\">OBESIDAD y ATRACONES<\/span><\/span><\/b><\/h4>\n<div><\/div>\n<div>\u00a0<span style=\"font-family: 'Comic Sans MS'; font-size: small;\">\u00a0 \u00a0 Es una enfermedad cr\u00f3nica originada por muchas causas y con numerosas complicaciones, la obesidad se caracteriza por el exceso de grasa en el organismo y se presenta cuando el Indice de Masa Corporal en el adulto es mayor de 25 unidades.<\/span><\/div>\n<p><span style=\"font-family: 'Comic Sans MS'; font-size: small;\">La obesidad est\u00e1 fuertemente relacionada como causal de otras enfermedades como lo son los padecimientos cardiovasculares, dermatol\u00f3gicos, gastrointestinales, diab\u00e9ticos, osteoarticulares, etc.<\/span><\/p>\n<p align=\"justify\"><span style=\"font-family: 'Comic Sans MS'; font-size: small;\">\u00a0 Otro tipo de desorden alimenticio, lo constituyen los <b> <span style=\"color: #0000ff;\">ATRACONES<\/span><\/b> o comer compulsivamente de forma incontrola que suponen el 5% de los casos de obesidad. Se caracteriza por impulsos irreprimibles de atracones de comida.Todo esto, no como una respuesta al hambre, sino como una falta de control.<br \/>\nEs la ingesta sin control como producto del hambre emocional y no f\u00edsica, pues la comida se convierte en una droga para poder manejar \u00f3 aliviar el estr\u00e9s, la tristeza, la soledad, la ansiedad, la frustraci\u00f3n, etc.<\/span><\/p>\n<p>Preocupaci\u00f3n (casi obsesi\u00f3n) por la calidad de su ingesta.<\/p>\n<p>Al sentirse culpable, deja sus convicciones diet\u00e9ticas.<\/p>\n<p>&nbsp;<\/p>\n","protected":false},"excerpt":{"rendered":"<p>ORTOREXIA \u00a0\u00a0\u00a0 La ortorexia es la obsesi\u00f3n patol\u00f3gica por consumir solamente comida sana. Esta obsesi\u00f3n puede llegar a transformarse en<\/p>\n","protected":false},"author":1,"featured_media":0,"parent":707,"menu_order":16,"comment_status":"closed","ping_status":"open","template":"","meta":{"footnotes":""},"class_list":["post-710","page","type-page","status-publish","hentry","wpautop"],"yoast_head":"<!-- This site is optimized with the Yoast SEO plugin v21.5 - https:\/\/yoast.com\/wordpress\/plugins\/seo\/ -->\n<title>Otros trastornos - Siempre cerca de ti...<\/title>\n<meta name=\"robots\" content=\"index, follow, max-snippet:-1, max-image-preview:large, max-video-preview:-1\" \/>\n<link rel=\"canonical\" href=\"https:\/\/abucaman.org\/?page_id=710\" \/>\n<meta property=\"og:locale\" content=\"es_ES\" \/>\n<meta property=\"og:type\" content=\"article\" \/>\n<meta property=\"og:title\" content=\"Otros trastornos - Siempre cerca de ti...\" \/>\n<meta property=\"og:description\" content=\"ORTOREXIA \u00a0\u00a0\u00a0 La ortorexia es la obsesi\u00f3n patol\u00f3gica por consumir solamente comida sana. Esta obsesi\u00f3n puede llegar a transformarse en\" \/>\n<meta property=\"og:url\" content=\"https:\/\/abucaman.org\/?page_id=710\" \/>\n<meta property=\"og:site_name\" content=\"Siempre cerca de ti...\" \/>\n<meta property=\"article:modified_time\" content=\"2014-03-29T22:53:13+00:00\" \/>\n<meta name=\"twitter:card\" content=\"summary_large_image\" \/>\n<meta name=\"twitter:label1\" content=\"Tiempo de lectura\" \/>\n\t<meta name=\"twitter:data1\" content=\"3 minutos\" \/>\n<script type=\"application\/ld+json\" class=\"yoast-schema-graph\">{\"@context\":\"https:\/\/schema.org\",\"@graph\":[{\"@type\":\"WebPage\",\"@id\":\"https:\/\/abucaman.org\/?page_id=710\",\"url\":\"https:\/\/abucaman.org\/?page_id=710\",\"name\":\"Otros trastornos - Siempre cerca de ti...\",\"isPartOf\":{\"@id\":\"https:\/\/abucaman.org\/#website\"},\"datePublished\":\"2014-02-16T23:24:19+00:00\",\"dateModified\":\"2014-03-29T22:53:13+00:00\",\"breadcrumb\":{\"@id\":\"https:\/\/abucaman.org\/?page_id=710#breadcrumb\"},\"inLanguage\":\"es\",\"potentialAction\":[{\"@type\":\"ReadAction\",\"target\":[\"https:\/\/abucaman.org\/?page_id=710\"]}]},{\"@type\":\"BreadcrumbList\",\"@id\":\"https:\/\/abucaman.org\/?page_id=710#breadcrumb\",\"itemListElement\":[{\"@type\":\"ListItem\",\"position\":1,\"name\":\"Portada\",\"item\":\"https:\/\/abucaman.org\/\"},{\"@type\":\"ListItem\",\"position\":2,\"name\":\"Trastornos\",\"item\":\"https:\/\/abucaman.org\/?page_id=705\"},{\"@type\":\"ListItem\",\"position\":3,\"name\":\"Tipos\",\"item\":\"https:\/\/abucaman.org\/?page_id=707\"},{\"@type\":\"ListItem\",\"position\":4,\"name\":\"Otros trastornos\"}]},{\"@type\":\"WebSite\",\"@id\":\"https:\/\/abucaman.org\/#website\",\"url\":\"https:\/\/abucaman.org\/\",\"name\":\"Abucaman\",\"description\":\"\",\"publisher\":{\"@id\":\"https:\/\/abucaman.org\/#organization\"},\"potentialAction\":[{\"@type\":\"SearchAction\",\"target\":{\"@type\":\"EntryPoint\",\"urlTemplate\":\"https:\/\/abucaman.org\/?s={search_term_string}\"},\"query-input\":\"required name=search_term_string\"}],\"inLanguage\":\"es\"},{\"@type\":\"Organization\",\"@id\":\"https:\/\/abucaman.org\/#organization\",\"name\":\"abucaman\",\"url\":\"https:\/\/abucaman.org\/\",\"logo\":{\"@type\":\"ImageObject\",\"inLanguage\":\"es\",\"@id\":\"https:\/\/abucaman.org\/#\/schema\/logo\/image\/\",\"url\":\"https:\/\/abucaman.org\/wp-content\/uploads\/2014\/03\/Logo-abucaman-2-png.png\",\"contentUrl\":\"https:\/\/abucaman.org\/wp-content\/uploads\/2014\/03\/Logo-abucaman-2-png.png\",\"width\":560,\"height\":420,\"caption\":\"abucaman\"},\"image\":{\"@id\":\"https:\/\/abucaman.org\/#\/schema\/logo\/image\/\"}}]}<\/script>\n<!-- \/ Yoast SEO plugin. -->","yoast_head_json":{"title":"Otros trastornos - Siempre cerca de ti...","robots":{"index":"index","follow":"follow","max-snippet":"max-snippet:-1","max-image-preview":"max-image-preview:large","max-video-preview":"max-video-preview:-1"},"canonical":"https:\/\/abucaman.org\/?page_id=710","og_locale":"es_ES","og_type":"article","og_title":"Otros trastornos - Siempre cerca de ti...","og_description":"ORTOREXIA \u00a0\u00a0\u00a0 La ortorexia es la obsesi\u00f3n patol\u00f3gica por consumir solamente comida sana. Esta obsesi\u00f3n puede llegar a transformarse en","og_url":"https:\/\/abucaman.org\/?page_id=710","og_site_name":"Siempre cerca de ti...","article_modified_time":"2014-03-29T22:53:13+00:00","twitter_card":"summary_large_image","twitter_misc":{"Tiempo de lectura":"3 minutos"},"schema":{"@context":"https:\/\/schema.org","@graph":[{"@type":"WebPage","@id":"https:\/\/abucaman.org\/?page_id=710","url":"https:\/\/abucaman.org\/?page_id=710","name":"Otros trastornos - Siempre cerca de ti...","isPartOf":{"@id":"https:\/\/abucaman.org\/#website"},"datePublished":"2014-02-16T23:24:19+00:00","dateModified":"2014-03-29T22:53:13+00:00","breadcrumb":{"@id":"https:\/\/abucaman.org\/?page_id=710#breadcrumb"},"inLanguage":"es","potentialAction":[{"@type":"ReadAction","target":["https:\/\/abucaman.org\/?page_id=710"]}]},{"@type":"BreadcrumbList","@id":"https:\/\/abucaman.org\/?page_id=710#breadcrumb","itemListElement":[{"@type":"ListItem","position":1,"name":"Portada","item":"https:\/\/abucaman.org\/"},{"@type":"ListItem","position":2,"name":"Trastornos","item":"https:\/\/abucaman.org\/?page_id=705"},{"@type":"ListItem","position":3,"name":"Tipos","item":"https:\/\/abucaman.org\/?page_id=707"},{"@type":"ListItem","position":4,"name":"Otros trastornos"}]},{"@type":"WebSite","@id":"https:\/\/abucaman.org\/#website","url":"https:\/\/abucaman.org\/","name":"Abucaman","description":"","publisher":{"@id":"https:\/\/abucaman.org\/#organization"},"potentialAction":[{"@type":"SearchAction","target":{"@type":"EntryPoint","urlTemplate":"https:\/\/abucaman.org\/?s={search_term_string}"},"query-input":"required name=search_term_string"}],"inLanguage":"es"},{"@type":"Organization","@id":"https:\/\/abucaman.org\/#organization","name":"abucaman","url":"https:\/\/abucaman.org\/","logo":{"@type":"ImageObject","inLanguage":"es","@id":"https:\/\/abucaman.org\/#\/schema\/logo\/image\/","url":"https:\/\/abucaman.org\/wp-content\/uploads\/2014\/03\/Logo-abucaman-2-png.png","contentUrl":"https:\/\/abucaman.org\/wp-content\/uploads\/2014\/03\/Logo-abucaman-2-png.png","width":560,"height":420,"caption":"abucaman"},"image":{"@id":"https:\/\/abucaman.org\/#\/schema\/logo\/image\/"}}]}},"_links":{"self":[{"href":"https:\/\/abucaman.org\/index.php?rest_route=\/wp\/v2\/pages\/710","targetHints":{"allow":["GET"]}}],"collection":[{"href":"https:\/\/abucaman.org\/index.php?rest_route=\/wp\/v2\/pages"}],"about":[{"href":"https:\/\/abucaman.org\/index.php?rest_route=\/wp\/v2\/types\/page"}],"author":[{"embeddable":true,"href":"https:\/\/abucaman.org\/index.php?rest_route=\/wp\/v2\/users\/1"}],"replies":[{"embeddable":true,"href":"https:\/\/abucaman.org\/index.php?rest_route=%2Fwp%2Fv2%2Fcomments&post=710"}],"version-history":[{"count":0,"href":"https:\/\/abucaman.org\/index.php?rest_route=\/wp\/v2\/pages\/710\/revisions"}],"up":[{"embeddable":true,"href":"https:\/\/abucaman.org\/index.php?rest_route=\/wp\/v2\/pages\/707"}],"wp:attachment":[{"href":"https:\/\/abucaman.org\/index.php?rest_route=%2Fwp%2Fv2%2Fmedia&parent=710"}],"curies":[{"name":"wp","href":"https:\/\/api.w.org\/{rel}","templated":true}]}}