{"id":709,"date":"2014-02-16T23:24:18","date_gmt":"2014-02-16T23:24:18","guid":{"rendered":"http:\/\/abucaman.org\/trastornos-5\/tipos\/bulimia"},"modified":"2014-03-29T22:52:42","modified_gmt":"2014-03-29T22:52:42","slug":"bulimia","status":"publish","type":"page","link":"https:\/\/abucaman.org\/?page_id=709","title":{"rendered":"Buliminia"},"content":{"rendered":"<p><img loading=\"lazy\" decoding=\"async\" class=\" wp-image-923 alignleft\" alt=\"bulimia3\" src=\"http:\/\/abucaman.org\/wp-content\/uploads\/2014\/02\/bulimia3.jpg\" width=\"217\" height=\"163\" \/><strong>La bulimia<\/strong>, es la ingesta excesiva de alimentos que despu\u00e9s se intentan compensar con conductas an\u00f3malas como v\u00f3mitos, abuso de laxantes y diur\u00e9ticos, o dietas restrictivas intermitentes lo que se acaba convirtiendo en una costumbre que modifica la conducta de la persona enferma.<\/p>\n<blockquote><p>La bulimia nerviosa est\u00e1 ligada al sexo femenino: un 90-95% de las personas afectadas son mujeres y la edad de aparici\u00f3n suele estar entre los 18 y 20 a\u00f1os, y muchos casos provienen de una anorexia mal cuidada.<\/p><\/blockquote>\n<p>La bulimia se distingue por la presencia de atracones recurrentes. Un atrac\u00f3n se caracteriza\u00a0por:<\/p>\n<p>1.<span style=\"font-size: small;\">\u00a0\u00a0\u00a0<\/span><span style=\"font-size: small;\">I<\/span>ngesta de alimento en un corto espacio de tiempo en cantidad superior a la que la mayor\u00eda de las personas ingerir\u00edan en un periodo<\/p>\n<p><span style=\"line-height: 1.5em;\">2.<\/span><span style=\"font-size: small;\">\u00a0\u00a0\u00a0<\/span><span style=\"line-height: 1.5em;\">Sensaci\u00f3n de perdida de control sobre la ingesta del alimento (sensaci\u00f3n de no p<\/span><span style=\"line-height: 1.5em;\">oder parar de comer o no controlar el tipo o cantidad de comidas que se ingiere)<\/span>o de tiempo similar y en las mismas circunstancias. <span style=\"font-size: small;\">\u00a0\u00a0<\/span><\/p>\n<p><img loading=\"lazy\" decoding=\"async\" class=\" wp-image-429 alignright\" alt=\"slide792\" src=\"http:\/\/abucaman.org\/wp-content\/uploads\/2014\/02\/slide792-300x185.jpg\" width=\"210\" height=\"130\" srcset=\"https:\/\/abucaman.org\/wp-content\/uploads\/2014\/02\/slide792-300x185.jpg 300w, https:\/\/abucaman.org\/wp-content\/uploads\/2014\/02\/slide792.jpg 308w\" sizes=\"auto, (max-width: 210px) 100vw, 210px\" \/><\/p>\n<p>Generalmente las personas que padecen bulimia han sido obesas o han realizado numerosas dietas sin control m\u00e9dico. Tratan de ocultar los v\u00f3mitos y las purgaciones, por lo que la enfermedad suele pasar desapercibida durante mucho tiempo.<\/p>\n<p>En resumen los s\u00edntomas t\u00edpicos de un cuadro de bulimia son los siguientes:<\/p>\n<ul>\n<li><strong>Atracones o sobreingesta de alimentos<\/strong>: El enfermo come una gran cantidad de alimentos en un espacio de tiempo muy corto.<\/li>\n<li><strong>No tiene control sobre la ingesta<\/strong> y \u00a0tal es la ansiedad, que cree que no puede parar de<img loading=\"lazy\" decoding=\"async\" class=\"alignleft size-full wp-image-922\" alt=\"bulimia2\" src=\"http:\/\/abucaman.org\/wp-content\/uploads\/2014\/02\/bulimia2.jpg\" width=\"192\" height=\"192\" srcset=\"https:\/\/abucaman.org\/wp-content\/uploads\/2014\/02\/bulimia2.jpg 192w, https:\/\/abucaman.org\/wp-content\/uploads\/2014\/02\/bulimia2-150x150.jpg 150w\" sizes=\"auto, (max-width: 192px) 100vw, 192px\" \/>\u00a0comer.<\/li>\n<li><span style=\"line-height: 1.5em;\">Para prevenir el aume<\/span><span style=\"line-height: 1.5em;\">nto de peso y compensar el atrac\u00f3n o el exceso de las comidas se provoca v\u00f3mitos, utiliza laxantes, diur\u00e9ticos, f\u00e1rmacos, o recurre a otros medios que le permitan controlar el peso, como la practica abusiva de actividades deportivas.<\/span><\/li>\n<\/ul>\n<ul>\n<li>Los ciclos de atracones y v\u00f3mitos se manifiestan un m\u00ednimo de dos veces por semana.<\/li>\n<li>La autoestima del enfermo es baja y la identifica con su cuerpo.<\/li>\n<\/ul>\n<p><span style=\"line-height: 1.5em;\">Entre algunos <\/span><strong style=\"line-height: 1.5em;\">signos f\u00edsicos que evidencian<\/strong><span style=\"line-height: 1.5em;\"> la enfermedad se encuentran:<\/span><\/p>\n<ul>\n<li>la debilidad, dolores de cabeza; hinchaz\u00f3n del rostro por el aumento de las gl\u00e1ndulas salivales y par\u00f3tidas, problemas con los dientes, mareos, p\u00e9rdida de cabello, irregularidades menstruales, y bruscos aumentos y reducciones de peso, aunque generalmente no sufren una oscilaci\u00f3n de peso tan importante como la que se manifiesta en la\u00a0anorexia.<\/li>\n<\/ul>\n","protected":false},"excerpt":{"rendered":"<p>La bulimia, es la ingesta excesiva de alimentos que despu\u00e9s se intentan compensar con conductas an\u00f3malas como v\u00f3mitos, abuso de<\/p>\n","protected":false},"author":1,"featured_media":0,"parent":707,"menu_order":15,"comment_status":"closed","ping_status":"open","template":"","meta":{"footnotes":""},"class_list":["post-709","page","type-page","status-publish","hentry","wpautop"],"yoast_head":"<!-- This site is optimized with the Yoast SEO plugin v21.5 - https:\/\/yoast.com\/wordpress\/plugins\/seo\/ -->\n<title>Buliminia - Siempre cerca de ti...<\/title>\n<meta name=\"robots\" content=\"index, follow, max-snippet:-1, max-image-preview:large, max-video-preview:-1\" \/>\n<link rel=\"canonical\" href=\"https:\/\/abucaman.org\/?page_id=709\" \/>\n<meta property=\"og:locale\" content=\"es_ES\" \/>\n<meta property=\"og:type\" content=\"article\" \/>\n<meta property=\"og:title\" content=\"Buliminia - Siempre cerca de ti...\" \/>\n<meta property=\"og:description\" content=\"La bulimia, es la ingesta excesiva de alimentos que despu\u00e9s se intentan compensar con conductas an\u00f3malas como v\u00f3mitos, abuso de\" \/>\n<meta property=\"og:url\" content=\"https:\/\/abucaman.org\/?page_id=709\" \/>\n<meta property=\"og:site_name\" content=\"Siempre cerca de ti...\" \/>\n<meta property=\"article:modified_time\" content=\"2014-03-29T22:52:42+00:00\" \/>\n<meta property=\"og:image\" content=\"http:\/\/abucaman.org\/wp-content\/uploads\/2014\/02\/bulimia3.jpg\" \/>\n<meta name=\"twitter:card\" content=\"summary_large_image\" \/>\n<meta name=\"twitter:label1\" content=\"Tiempo de lectura\" \/>\n\t<meta name=\"twitter:data1\" content=\"2 minutos\" \/>\n<script type=\"application\/ld+json\" class=\"yoast-schema-graph\">{\"@context\":\"https:\/\/schema.org\",\"@graph\":[{\"@type\":\"WebPage\",\"@id\":\"https:\/\/abucaman.org\/?page_id=709\",\"url\":\"https:\/\/abucaman.org\/?page_id=709\",\"name\":\"Buliminia - Siempre cerca de ti...\",\"isPartOf\":{\"@id\":\"https:\/\/abucaman.org\/#website\"},\"datePublished\":\"2014-02-16T23:24:18+00:00\",\"dateModified\":\"2014-03-29T22:52:42+00:00\",\"breadcrumb\":{\"@id\":\"https:\/\/abucaman.org\/?page_id=709#breadcrumb\"},\"inLanguage\":\"es\",\"potentialAction\":[{\"@type\":\"ReadAction\",\"target\":[\"https:\/\/abucaman.org\/?page_id=709\"]}]},{\"@type\":\"BreadcrumbList\",\"@id\":\"https:\/\/abucaman.org\/?page_id=709#breadcrumb\",\"itemListElement\":[{\"@type\":\"ListItem\",\"position\":1,\"name\":\"Portada\",\"item\":\"https:\/\/abucaman.org\/\"},{\"@type\":\"ListItem\",\"position\":2,\"name\":\"Trastornos\",\"item\":\"https:\/\/abucaman.org\/?page_id=705\"},{\"@type\":\"ListItem\",\"position\":3,\"name\":\"Tipos\",\"item\":\"https:\/\/abucaman.org\/?page_id=707\"},{\"@type\":\"ListItem\",\"position\":4,\"name\":\"Buliminia\"}]},{\"@type\":\"WebSite\",\"@id\":\"https:\/\/abucaman.org\/#website\",\"url\":\"https:\/\/abucaman.org\/\",\"name\":\"Abucaman\",\"description\":\"\",\"publisher\":{\"@id\":\"https:\/\/abucaman.org\/#organization\"},\"potentialAction\":[{\"@type\":\"SearchAction\",\"target\":{\"@type\":\"EntryPoint\",\"urlTemplate\":\"https:\/\/abucaman.org\/?s={search_term_string}\"},\"query-input\":\"required name=search_term_string\"}],\"inLanguage\":\"es\"},{\"@type\":\"Organization\",\"@id\":\"https:\/\/abucaman.org\/#organization\",\"name\":\"abucaman\",\"url\":\"https:\/\/abucaman.org\/\",\"logo\":{\"@type\":\"ImageObject\",\"inLanguage\":\"es\",\"@id\":\"https:\/\/abucaman.org\/#\/schema\/logo\/image\/\",\"url\":\"https:\/\/abucaman.org\/wp-content\/uploads\/2014\/03\/Logo-abucaman-2-png.png\",\"contentUrl\":\"https:\/\/abucaman.org\/wp-content\/uploads\/2014\/03\/Logo-abucaman-2-png.png\",\"width\":560,\"height\":420,\"caption\":\"abucaman\"},\"image\":{\"@id\":\"https:\/\/abucaman.org\/#\/schema\/logo\/image\/\"}}]}<\/script>\n<!-- \/ Yoast SEO plugin. -->","yoast_head_json":{"title":"Buliminia - Siempre cerca de ti...","robots":{"index":"index","follow":"follow","max-snippet":"max-snippet:-1","max-image-preview":"max-image-preview:large","max-video-preview":"max-video-preview:-1"},"canonical":"https:\/\/abucaman.org\/?page_id=709","og_locale":"es_ES","og_type":"article","og_title":"Buliminia - Siempre cerca de ti...","og_description":"La bulimia, es la ingesta excesiva de alimentos que despu\u00e9s se intentan compensar con conductas an\u00f3malas como v\u00f3mitos, abuso de","og_url":"https:\/\/abucaman.org\/?page_id=709","og_site_name":"Siempre cerca de ti...","article_modified_time":"2014-03-29T22:52:42+00:00","og_image":[{"url":"http:\/\/abucaman.org\/wp-content\/uploads\/2014\/02\/bulimia3.jpg"}],"twitter_card":"summary_large_image","twitter_misc":{"Tiempo de lectura":"2 minutos"},"schema":{"@context":"https:\/\/schema.org","@graph":[{"@type":"WebPage","@id":"https:\/\/abucaman.org\/?page_id=709","url":"https:\/\/abucaman.org\/?page_id=709","name":"Buliminia - Siempre cerca de ti...","isPartOf":{"@id":"https:\/\/abucaman.org\/#website"},"datePublished":"2014-02-16T23:24:18+00:00","dateModified":"2014-03-29T22:52:42+00:00","breadcrumb":{"@id":"https:\/\/abucaman.org\/?page_id=709#breadcrumb"},"inLanguage":"es","potentialAction":[{"@type":"ReadAction","target":["https:\/\/abucaman.org\/?page_id=709"]}]},{"@type":"BreadcrumbList","@id":"https:\/\/abucaman.org\/?page_id=709#breadcrumb","itemListElement":[{"@type":"ListItem","position":1,"name":"Portada","item":"https:\/\/abucaman.org\/"},{"@type":"ListItem","position":2,"name":"Trastornos","item":"https:\/\/abucaman.org\/?page_id=705"},{"@type":"ListItem","position":3,"name":"Tipos","item":"https:\/\/abucaman.org\/?page_id=707"},{"@type":"ListItem","position":4,"name":"Buliminia"}]},{"@type":"WebSite","@id":"https:\/\/abucaman.org\/#website","url":"https:\/\/abucaman.org\/","name":"Abucaman","description":"","publisher":{"@id":"https:\/\/abucaman.org\/#organization"},"potentialAction":[{"@type":"SearchAction","target":{"@type":"EntryPoint","urlTemplate":"https:\/\/abucaman.org\/?s={search_term_string}"},"query-input":"required name=search_term_string"}],"inLanguage":"es"},{"@type":"Organization","@id":"https:\/\/abucaman.org\/#organization","name":"abucaman","url":"https:\/\/abucaman.org\/","logo":{"@type":"ImageObject","inLanguage":"es","@id":"https:\/\/abucaman.org\/#\/schema\/logo\/image\/","url":"https:\/\/abucaman.org\/wp-content\/uploads\/2014\/03\/Logo-abucaman-2-png.png","contentUrl":"https:\/\/abucaman.org\/wp-content\/uploads\/2014\/03\/Logo-abucaman-2-png.png","width":560,"height":420,"caption":"abucaman"},"image":{"@id":"https:\/\/abucaman.org\/#\/schema\/logo\/image\/"}}]}},"_links":{"self":[{"href":"https:\/\/abucaman.org\/index.php?rest_route=\/wp\/v2\/pages\/709","targetHints":{"allow":["GET"]}}],"collection":[{"href":"https:\/\/abucaman.org\/index.php?rest_route=\/wp\/v2\/pages"}],"about":[{"href":"https:\/\/abucaman.org\/index.php?rest_route=\/wp\/v2\/types\/page"}],"author":[{"embeddable":true,"href":"https:\/\/abucaman.org\/index.php?rest_route=\/wp\/v2\/users\/1"}],"replies":[{"embeddable":true,"href":"https:\/\/abucaman.org\/index.php?rest_route=%2Fwp%2Fv2%2Fcomments&post=709"}],"version-history":[{"count":0,"href":"https:\/\/abucaman.org\/index.php?rest_route=\/wp\/v2\/pages\/709\/revisions"}],"up":[{"embeddable":true,"href":"https:\/\/abucaman.org\/index.php?rest_route=\/wp\/v2\/pages\/707"}],"wp:attachment":[{"href":"https:\/\/abucaman.org\/index.php?rest_route=%2Fwp%2Fv2%2Fmedia&parent=709"}],"curies":[{"name":"wp","href":"https:\/\/api.w.org\/{rel}","templated":true}]}}