{"id":705,"date":"2014-02-16T23:24:14","date_gmt":"2014-02-16T23:24:14","guid":{"rendered":"http:\/\/abucaman.org\/trastornos-5"},"modified":"2021-01-16T17:49:07","modified_gmt":"2021-01-16T17:49:07","slug":"trastornos-5","status":"publish","type":"page","link":"https:\/\/abucaman.org\/?page_id=705","title":{"rendered":"Trastornos"},"content":{"rendered":"<div class=\"art-content-layout\">\n<div class=\"art-content-layout-row\">\n<div class=\"art-layout-cell layout-item-0\" style=\"width: 100%; text-align: left;\">\n<p style=\"display: inline !important;\"><span style=\"font-size: 22px;\"><span style=\"text-shadow: rgba(153, 153, 153, 0.792969) 0.7px 0.7px 0px, rgba(140, 140, 140, 0.792969) 1.4px 1.4px 0px, rgba(122, 122, 122, 0.496094) 2.1px 2.1px 1px, rgba(107, 107, 107, 0.496094) 2.8px 2.8px 0px, rgba(92, 92, 92, 0.496094) 3.5px 3.5px 0px;\">Trastornos de la conducta alimentaria<\/span><\/span><\/p>\n<div class=\"art-layout-cell layout-item-0\" style=\"width: 100%;\">\n<p style=\"text-align: left;\"><span style=\"font-family: Dangrek;\"><a href=\"http:\/\/abucaman.org\/wp-content\/uploads\/2014\/02\/slide790.jpg\"><img loading=\"lazy\" decoding=\"async\" class=\"size-medium wp-image-691 alignleft\" src=\"http:\/\/abucaman.org\/wp-content\/uploads\/2014\/02\/slide790-300x185.jpg\" alt=\"slide790\" width=\"300\" height=\"185\" srcset=\"https:\/\/abucaman.org\/wp-content\/uploads\/2014\/02\/slide790-300x185.jpg 300w, https:\/\/abucaman.org\/wp-content\/uploads\/2014\/02\/slide790.jpg 308w\" sizes=\"auto, (max-width: 300px) 100vw, 300px\" \/><\/a>Los TCA engloban varias enfermedades cr\u00f3nicas y progresivas que, a pesar de que se manifiestan a trav\u00e9s de la conducta alimentaria, en realidad consisten en una gama muy compleja de s\u00edntomas entre los que prevalece una alteraci\u00f3n o distorsi\u00f3n de la auto-imagen corporal, un gran temor a subir de peso y la adquisici\u00f3n de una serie de valores a trav\u00e9s de una imagen corporal.<\/span> <span style=\"font-family: Dangrek;\">Los Trastornos de la Conducta Alimentaria no son un problema nuevo, tienen una larga historia. Pero, es ahora cuando su virulencia en la sociedad actual causa preocupaci\u00f3n. Es preciso conocer con la mayor exactitud posible la frecuencia de los trastornos alimentarios en nuestro pa\u00eds. Desde la democracia la sociedad espa\u00f1ola ha experimentado un importante cambio que la convierte en un interesante lugar donde investigar el problema de los TCA. Ademas la informaci\u00f3n acerca de este problema en Espa\u00f1a es necesaria para guiar la investigaci\u00f3n y programaci\u00f3n de la salud mental. La epidemiolog\u00eda en la poblaci\u00f3n general es imprescindible para la planificaci\u00f3n y provisi\u00f3n de recursos sanitarios.<\/span> <span style=\"font-family: Dangrek;\">La importancia de la precisi\u00f3n en los estudios epidemiol\u00f3gicos reside en que son precisamente en estas cifras en las que deben fundamentarse los planes de estimaci\u00f3n de servicios <\/span><span style=\"font-family: Dangrek;\">sanitarios apoyados en datos emp\u00edricos (medicina basada en pruebas).<\/span><\/p>\n<p>En este video se explica los trastornos de la conducta alimentaria mediante casos de la anorexia y bulimia nerviosa, por gentileza de Daily Motion<br \/>\n<ins datetime=\"2014-03-30T22:45:32+00:00\"><\/ins><\/p>\n<p style=\"text-align: center;\"><iframe loading=\"lazy\" src=\"http:\/\/www.dailymotion.com\/embed\/video\/xp4r8y\" width=\"480\" height=\"270\" frameborder=\"0\" allowfullscreen=\"allowfullscreen\"><\/iframe><br \/>\n<a href=\"http:\/\/www.dailymotion.com\/video\/xp4r8y_anorexia-y-bulimia-nerviosas-caracteristicas-causas-y-tratamiento_people\" target=\"_blank\" rel=\"noopener\">Anorexia y bulimia nerviosas- caracter\u00edsticas&#8230;<\/a> <i>por <a href=\"http:\/\/www.dailymotion.com\/tranerpra\" target=\"_blank\" rel=\"noopener\">tranerpra<\/a><\/i><\/p>\n<p style=\"text-align: center;\">\n<\/div>\n<\/div>\n<\/div>\n<div class=\"art-content-layout\">\n<div class=\"art-content-layout-row\">\n<div class=\"art-layout-cell layout-item-0\" style=\"width: 50%;\">\n<blockquote>\n<p style=\"padding-left: 30px; text-align: left;\"><span style=\"color: #24334c;\"><span style=\"font-weight: bold;\">En Espa\u00f1a, uno de cada cien adolescentes padecen de Anarox\u00eda nerviosa y cuatro de cada cien, Bulimia<\/span>.<\/span><\/p>\n<\/blockquote>\n<\/div>\n<div class=\"art-layout-cell layout-item-0\" style=\"width: 50%;\">\n<blockquote>\n<p style=\"text-align: left;\"><span style=\"color: #192334; font-family: Dangrek; text-align: justify; font-weight: bold;\">Los Trastornos de la Conducta Alimentaria no son un problema nuevo, tienen una larga historia. Pero, es ahora cuando su virulencia en la sociedad actual causa preocupaci\u00f3n<\/span>.<\/p>\n<\/blockquote>\n<\/div>\n<\/div>\n<\/div>\n<\/div>\n","protected":false},"excerpt":{"rendered":"<p>Trastornos de la conducta alimentaria Los TCA engloban varias enfermedades cr\u00f3nicas y progresivas que, a pesar de que se manifiestan<\/p>\n","protected":false},"author":1,"featured_media":0,"parent":0,"menu_order":11,"comment_status":"closed","ping_status":"open","template":"","meta":{"footnotes":""},"class_list":["post-705","page","type-page","status-publish","hentry","wpautop"],"yoast_head":"<!-- This site is optimized with the Yoast SEO plugin v21.5 - https:\/\/yoast.com\/wordpress\/plugins\/seo\/ -->\n<title>Trastornos - Siempre cerca de ti...<\/title>\n<meta name=\"robots\" content=\"index, follow, max-snippet:-1, max-image-preview:large, max-video-preview:-1\" \/>\n<link rel=\"canonical\" href=\"https:\/\/abucaman.org\/?page_id=705\" \/>\n<meta property=\"og:locale\" content=\"es_ES\" \/>\n<meta property=\"og:type\" content=\"article\" \/>\n<meta property=\"og:title\" content=\"Trastornos - Siempre cerca de ti...\" \/>\n<meta property=\"og:description\" content=\"Trastornos de la conducta alimentaria Los TCA engloban varias enfermedades cr\u00f3nicas y progresivas que, a pesar de que se manifiestan\" \/>\n<meta property=\"og:url\" content=\"https:\/\/abucaman.org\/?page_id=705\" \/>\n<meta property=\"og:site_name\" content=\"Siempre cerca de ti...\" \/>\n<meta property=\"article:modified_time\" content=\"2021-01-16T17:49:07+00:00\" \/>\n<meta property=\"og:image\" content=\"http:\/\/abucaman.org\/wp-content\/uploads\/2014\/02\/slide790-300x185.jpg\" \/>\n<meta name=\"twitter:card\" content=\"summary_large_image\" \/>\n<meta name=\"twitter:label1\" content=\"Tiempo de lectura\" \/>\n\t<meta name=\"twitter:data1\" content=\"2 minutos\" \/>\n<script type=\"application\/ld+json\" class=\"yoast-schema-graph\">{\"@context\":\"https:\/\/schema.org\",\"@graph\":[{\"@type\":\"WebPage\",\"@id\":\"https:\/\/abucaman.org\/?page_id=705\",\"url\":\"https:\/\/abucaman.org\/?page_id=705\",\"name\":\"Trastornos - Siempre cerca de ti...\",\"isPartOf\":{\"@id\":\"https:\/\/abucaman.org\/#website\"},\"datePublished\":\"2014-02-16T23:24:14+00:00\",\"dateModified\":\"2021-01-16T17:49:07+00:00\",\"breadcrumb\":{\"@id\":\"https:\/\/abucaman.org\/?page_id=705#breadcrumb\"},\"inLanguage\":\"es\",\"potentialAction\":[{\"@type\":\"ReadAction\",\"target\":[\"https:\/\/abucaman.org\/?page_id=705\"]}]},{\"@type\":\"BreadcrumbList\",\"@id\":\"https:\/\/abucaman.org\/?page_id=705#breadcrumb\",\"itemListElement\":[{\"@type\":\"ListItem\",\"position\":1,\"name\":\"Portada\",\"item\":\"https:\/\/abucaman.org\/\"},{\"@type\":\"ListItem\",\"position\":2,\"name\":\"Trastornos\"}]},{\"@type\":\"WebSite\",\"@id\":\"https:\/\/abucaman.org\/#website\",\"url\":\"https:\/\/abucaman.org\/\",\"name\":\"Abucaman\",\"description\":\"\",\"publisher\":{\"@id\":\"https:\/\/abucaman.org\/#organization\"},\"potentialAction\":[{\"@type\":\"SearchAction\",\"target\":{\"@type\":\"EntryPoint\",\"urlTemplate\":\"https:\/\/abucaman.org\/?s={search_term_string}\"},\"query-input\":\"required name=search_term_string\"}],\"inLanguage\":\"es\"},{\"@type\":\"Organization\",\"@id\":\"https:\/\/abucaman.org\/#organization\",\"name\":\"abucaman\",\"url\":\"https:\/\/abucaman.org\/\",\"logo\":{\"@type\":\"ImageObject\",\"inLanguage\":\"es\",\"@id\":\"https:\/\/abucaman.org\/#\/schema\/logo\/image\/\",\"url\":\"https:\/\/abucaman.org\/wp-content\/uploads\/2014\/03\/Logo-abucaman-2-png.png\",\"contentUrl\":\"https:\/\/abucaman.org\/wp-content\/uploads\/2014\/03\/Logo-abucaman-2-png.png\",\"width\":560,\"height\":420,\"caption\":\"abucaman\"},\"image\":{\"@id\":\"https:\/\/abucaman.org\/#\/schema\/logo\/image\/\"}}]}<\/script>\n<!-- \/ Yoast SEO plugin. -->","yoast_head_json":{"title":"Trastornos - Siempre cerca de ti...","robots":{"index":"index","follow":"follow","max-snippet":"max-snippet:-1","max-image-preview":"max-image-preview:large","max-video-preview":"max-video-preview:-1"},"canonical":"https:\/\/abucaman.org\/?page_id=705","og_locale":"es_ES","og_type":"article","og_title":"Trastornos - Siempre cerca de ti...","og_description":"Trastornos de la conducta alimentaria Los TCA engloban varias enfermedades cr\u00f3nicas y progresivas que, a pesar de que se manifiestan","og_url":"https:\/\/abucaman.org\/?page_id=705","og_site_name":"Siempre cerca de ti...","article_modified_time":"2021-01-16T17:49:07+00:00","og_image":[{"url":"http:\/\/abucaman.org\/wp-content\/uploads\/2014\/02\/slide790-300x185.jpg"}],"twitter_card":"summary_large_image","twitter_misc":{"Tiempo de lectura":"2 minutos"},"schema":{"@context":"https:\/\/schema.org","@graph":[{"@type":"WebPage","@id":"https:\/\/abucaman.org\/?page_id=705","url":"https:\/\/abucaman.org\/?page_id=705","name":"Trastornos - Siempre cerca de ti...","isPartOf":{"@id":"https:\/\/abucaman.org\/#website"},"datePublished":"2014-02-16T23:24:14+00:00","dateModified":"2021-01-16T17:49:07+00:00","breadcrumb":{"@id":"https:\/\/abucaman.org\/?page_id=705#breadcrumb"},"inLanguage":"es","potentialAction":[{"@type":"ReadAction","target":["https:\/\/abucaman.org\/?page_id=705"]}]},{"@type":"BreadcrumbList","@id":"https:\/\/abucaman.org\/?page_id=705#breadcrumb","itemListElement":[{"@type":"ListItem","position":1,"name":"Portada","item":"https:\/\/abucaman.org\/"},{"@type":"ListItem","position":2,"name":"Trastornos"}]},{"@type":"WebSite","@id":"https:\/\/abucaman.org\/#website","url":"https:\/\/abucaman.org\/","name":"Abucaman","description":"","publisher":{"@id":"https:\/\/abucaman.org\/#organization"},"potentialAction":[{"@type":"SearchAction","target":{"@type":"EntryPoint","urlTemplate":"https:\/\/abucaman.org\/?s={search_term_string}"},"query-input":"required name=search_term_string"}],"inLanguage":"es"},{"@type":"Organization","@id":"https:\/\/abucaman.org\/#organization","name":"abucaman","url":"https:\/\/abucaman.org\/","logo":{"@type":"ImageObject","inLanguage":"es","@id":"https:\/\/abucaman.org\/#\/schema\/logo\/image\/","url":"https:\/\/abucaman.org\/wp-content\/uploads\/2014\/03\/Logo-abucaman-2-png.png","contentUrl":"https:\/\/abucaman.org\/wp-content\/uploads\/2014\/03\/Logo-abucaman-2-png.png","width":560,"height":420,"caption":"abucaman"},"image":{"@id":"https:\/\/abucaman.org\/#\/schema\/logo\/image\/"}}]}},"_links":{"self":[{"href":"https:\/\/abucaman.org\/index.php?rest_route=\/wp\/v2\/pages\/705","targetHints":{"allow":["GET"]}}],"collection":[{"href":"https:\/\/abucaman.org\/index.php?rest_route=\/wp\/v2\/pages"}],"about":[{"href":"https:\/\/abucaman.org\/index.php?rest_route=\/wp\/v2\/types\/page"}],"author":[{"embeddable":true,"href":"https:\/\/abucaman.org\/index.php?rest_route=\/wp\/v2\/users\/1"}],"replies":[{"embeddable":true,"href":"https:\/\/abucaman.org\/index.php?rest_route=%2Fwp%2Fv2%2Fcomments&post=705"}],"version-history":[{"count":1,"href":"https:\/\/abucaman.org\/index.php?rest_route=\/wp\/v2\/pages\/705\/revisions"}],"predecessor-version":[{"id":1559,"href":"https:\/\/abucaman.org\/index.php?rest_route=\/wp\/v2\/pages\/705\/revisions\/1559"}],"wp:attachment":[{"href":"https:\/\/abucaman.org\/index.php?rest_route=%2Fwp%2Fv2%2Fmedia&parent=705"}],"curies":[{"name":"wp","href":"https:\/\/api.w.org\/{rel}","templated":true}]}}