{"id":704,"date":"2014-02-16T23:24:13","date_gmt":"2014-02-16T23:24:13","guid":{"rendered":"http:\/\/abucaman.org\/abucaman-5\/biblioteca"},"modified":"2014-03-29T22:46:29","modified_gmt":"2014-03-29T22:46:29","slug":"biblioteca","status":"publish","type":"page","link":"https:\/\/abucaman.org\/?page_id=704","title":{"rendered":"Publicaciones"},"content":{"rendered":"<p>&nbsp;<\/p>\n<p>Material Bibliogr\u00e1fico recomendado<\/p>\n<p>&nbsp;<\/p>\n<table class=\"MsoNormalTable\" id=\"table1\" border=\"1\" cellpadding=\"0\">\n<tbody>\n<tr>\n<td style=\"padding: .75pt; background: #99CC00;\" align=\"center\">\n<p class=\"MsoNormal\"><b> <span style=\"font-size: 10.0pt; font-family: Century Gothic;\"> AUTOR<\/span><\/b><\/p>\n<\/td>\n<td style=\"padding: .75pt; background: #99CC00;\" align=\"center\">\n<p class=\"MsoNormal\"><b> <span style=\"font-size: 10.0pt; font-family: Century Gothic;\"> T\u00cdTULO<\/span><\/b><\/p>\n<\/td>\n<td style=\"padding: .75pt; background: #99CC00;\" align=\"center\">\n<p class=\"MsoNormal\"><b> <span style=\"font-size: 10.0pt; font-family: Century Gothic;\"> EDITORIAL<\/span><\/b><\/p>\n<\/td>\n<\/tr>\n<tr>\n<td style=\"padding: .75pt .75pt .75pt .75pt;\">\n<p class=\"MsoNormal\"><span lang=\"EN-GB\" style=\"font-size: 10.0pt; font-family: Century Gothic;\"> Jane R. Hirschmann y Carol H. Hunter<\/span><\/p>\n<\/td>\n<td style=\"padding: .75pt .75pt .75pt .75pt;\">\n<p class=\"MsoNormal\"><b> <span style=\"font-size: 10.0pt; font-family: Century Gothic;\">La Obsesi\u00f3n de Comer.<\/span><\/b><\/p>\n<\/td>\n<td style=\"padding: .75pt .75pt .75pt .75pt;\">\n<p class=\"MsoNormal\"><span style=\"font-size: 10.0pt; font-family: Century Gothic;\"> Paid\u00f3s<\/span><\/p>\n<\/td>\n<\/tr>\n<tr>\n<td style=\"padding: .75pt .75pt .75pt .75pt;\">\n<p class=\"MsoNormal\"><span style=\"font-size: 10.0pt; font-family: Century Gothic;\"> Rosina Crispo y otros<\/span><\/p>\n<\/td>\n<td style=\"padding: .75pt .75pt .75pt .75pt;\">\n<p class=\"MsoNormal\"><b> <span style=\"font-size: 10.0pt; font-family: Century Gothic;\"> Trastornos del Comer.<\/span><\/b><\/p>\n<\/td>\n<td style=\"padding: .75pt .75pt .75pt .75pt;\">\n<p class=\"MsoNormal\"><span style=\"font-size: 10.0pt; font-family: Century Gothic;\"> Herder<\/span><\/p>\n<\/td>\n<\/tr>\n<tr>\n<td style=\"padding: .75pt .75pt .75pt .75pt;\">\n<p class=\"MsoNormal\"><span style=\"font-size: 10.0pt; font-family: Century Gothic;\"> Gerd Sch\u00fctze<\/span><\/p>\n<\/td>\n<td style=\"padding: .75pt .75pt .75pt .75pt;\">\n<p class=\"MsoNormal\"><b> <span style=\"font-size: 10.0pt; font-family: Century Gothic;\"> Anorexia Mental.<\/span><\/b><\/p>\n<\/td>\n<td style=\"padding: .75pt .75pt .75pt .75pt;\">\n<p class=\"MsoNormal\"><span style=\"font-size: 10.0pt; font-family: Century Gothic;\"> Herder<\/span><\/p>\n<\/td>\n<\/tr>\n<tr>\n<td style=\"padding: .75pt .75pt .75pt .75pt;\">\n<p class=\"MsoNormal\"><span style=\"font-size: 10.0pt; font-family: Century Gothic;\"> Fritz Redlich y otros<\/span><\/p>\n<\/td>\n<td style=\"padding: .75pt .75pt .75pt .75pt;\">\n<p class=\"MsoNormal\"><b> <span style=\"font-size: 10.0pt; font-family: Century Gothic;\">La psiquiatr\u00eda en la vida diaria.<\/span><\/b><\/p>\n<\/td>\n<td style=\"padding: .75pt .75pt .75pt .75pt;\">\n<p class=\"MsoNormal\"><span style=\"font-size: 10.0pt; font-family: Century Gothic;\"> Joaqu\u00edn Martiz<\/span><\/p>\n<\/td>\n<\/tr>\n<tr>\n<td style=\"padding: .75pt .75pt .75pt .75pt;\">\n<p class=\"MsoNormal\"><span lang=\"EN-GB\" style=\"font-size: 10.0pt; font-family: Century Gothic;\"> Lorraine C. Ladish<\/span><\/p>\n<\/td>\n<td style=\"padding: .75pt .75pt .75pt .75pt;\">\n<p class=\"MsoNormal\"><b> <span style=\"font-size: 10.0pt; font-family: Century Gothic;\">Me siento gorda.<\/span><\/b><span style=\"font-size: 10.0pt; font-family: Century Gothic;\"><br \/>\n<b>Cuerpo de mujer.<\/b><\/span><\/p>\n<\/td>\n<td style=\"padding: .75pt .75pt .75pt .75pt;\">\n<p class=\"MsoNormal\"><span style=\"font-size: 10.0pt; font-family: Century Gothic;\"> Edal<\/span><\/p>\n<\/td>\n<\/tr>\n<tr>\n<td style=\"padding: .75pt .75pt .75pt .75pt;\">\n<p class=\"MsoNormal\"><span style=\"font-size: 10.0pt; font-family: Century Gothic;\">C. Salda\u00f1a y C. Rosell<\/span><\/p>\n<\/td>\n<td style=\"padding: .75pt .75pt .75pt .75pt;\">\n<p class=\"MsoNormal\"><b> <span style=\"font-size: 10.0pt; font-family: Century Gothic;\"> Obesidad.<\/span><\/b><\/p>\n<\/td>\n<td style=\"padding: .75pt .75pt .75pt .75pt;\">\n<p class=\"MsoNormal\"><span style=\"font-size: 10.0pt; font-family: Century Gothic;\"> Mart\u00ednez Roca<\/span><\/p>\n<\/td>\n<\/tr>\n<tr>\n<td style=\"padding: .75pt .75pt .75pt .75pt;\">\n<p class=\"MsoNormal\"><span style=\"font-size: 10.0pt; font-family: Century Gothic;\"> Marilyn Duker y Roger Slade<\/span><\/p>\n<\/td>\n<td style=\"padding: .75pt .75pt .75pt .75pt;\">\n<p class=\"MsoNormal\"><b> <span style=\"font-size: 10.0pt; font-family: Century Gothic;\"> Anorexia nerviosa y bulimia.<\/span><\/b><\/p>\n<\/td>\n<td style=\"padding: .75pt .75pt .75pt .75pt;\">\n<p class=\"MsoNormal\"><span style=\"font-size: 10.0pt; font-family: Century Gothic;\"> Limusa<\/span><\/p>\n<\/td>\n<\/tr>\n<tr>\n<td style=\"padding: .75pt .75pt .75pt .75pt;\">\n<p class=\"MsoNormal\"><span style=\"font-size: 10.0pt; font-family: Century Gothic;\"> Suzanne Abraham y otro<\/span><\/p>\n<\/td>\n<td style=\"padding: .75pt .75pt .75pt .75pt;\">\n<p class=\"MsoNormal\"><b> <span style=\"font-size: 10.0pt; font-family: Century Gothic;\"> Anorexia y bulimia. Desorden alimenticio.<\/span><\/b><\/p>\n<\/td>\n<td style=\"padding: .75pt .75pt .75pt .75pt;\">\n<p class=\"MsoNormal\"><span style=\"font-size: 10.0pt; font-family: Century Gothic;\"> Alianza<\/span><\/p>\n<\/td>\n<\/tr>\n<tr>\n<td style=\"padding: .75pt .75pt .75pt .75pt;\">\n<p class=\"MsoNormal\"><span style=\"font-size: 10.0pt; font-family: Century Gothic;\"> Steven Levenkron<\/span><\/p>\n<\/td>\n<td style=\"padding: .75pt .75pt .75pt .75pt;\">\n<p class=\"MsoNormal\"><b> <span style=\"font-size: 10.0pt; font-family: Century Gothic;\"> Malos h\u00e1bitos.<\/span><\/b><\/p>\n<\/td>\n<td style=\"padding: .75pt .75pt .75pt .75pt;\">\n<p class=\"MsoNormal\"><span style=\"font-size: 10.0pt; font-family: Century Gothic;\"> Grijalbo<\/span><\/p>\n<\/td>\n<\/tr>\n<tr>\n<td style=\"padding: .75pt .75pt .75pt .75pt;\">\n<p class=\"MsoNormal\"><span style=\"font-size: 10.0pt; font-family: Century Gothic;\"> Nathaniel Brandeu<\/span><\/p>\n<\/td>\n<td style=\"padding: .75pt .75pt .75pt .75pt;\">\n<p class=\"MsoNormal\"><b> <span style=\"font-size: 10.0pt; font-family: Century Gothic;\"> C\u00f3mo mejorar su autoestima.<\/span><\/b><\/p>\n<\/td>\n<td style=\"padding: .75pt .75pt .75pt .75pt;\">\n<p class=\"MsoNormal\"><span style=\"font-size: 10.0pt; font-family: Century Gothic;\"> Paid\u00f3s<\/span><\/p>\n<\/td>\n<\/tr>\n<tr>\n<td style=\"padding: .75pt .75pt .75pt .75pt;\">\n<p class=\"MsoNormal\"><span style=\"font-size: 10.0pt; font-family: Century Gothic;\">Dr. Josep Toro<\/span><\/p>\n<\/td>\n<td style=\"padding: .75pt .75pt .75pt .75pt;\">\n<p class=\"MsoNormal\"><b> <span style=\"font-size: 10.0pt; font-family: Century Gothic;\"> Anorexia Nerviosa.<\/span><\/b><\/p>\n<\/td>\n<td style=\"padding: .75pt .75pt .75pt .75pt;\">\n<p class=\"MsoNormal\"><span style=\"font-size: 10.0pt; font-family: Century Gothic; color: black;\"> \u00a0<\/span><\/p>\n<\/td>\n<\/tr>\n<tr>\n<td style=\"padding: .75pt .75pt .75pt .75pt;\">\n<p class=\"MsoNormal\"><span style=\"font-size: 10.0pt; font-family: Century Gothic;\"> Geneen Roth<\/span><\/p>\n<\/td>\n<td style=\"padding: .75pt .75pt .75pt .75pt;\">\n<p class=\"MsoNormal\"><b> <span style=\"font-size: 10.0pt; font-family: Century Gothic;\"> Cuando la comida sustituye al amor.<\/span><\/b><\/p>\n<\/td>\n<td style=\"padding: .75pt .75pt .75pt .75pt;\">\n<p class=\"MsoNormal\"><span style=\"font-size: 10.0pt; font-family: Century Gothic;\"> Urano<\/span><\/p>\n<\/td>\n<\/tr>\n<tr>\n<td style=\"padding: .75pt .75pt .75pt .75pt;\">\n<p class=\"MsoNormal\"><span style=\"font-size: 10.0pt; font-family: Century Gothic;\"> Judith Rodin<\/span><\/p>\n<\/td>\n<td style=\"padding: .75pt .75pt .75pt .75pt;\">\n<p class=\"MsoNormal\"><b> <span style=\"font-size: 10.0pt; font-family: Century Gothic;\">Las trampas del cuerpo.<\/span><\/b><\/p>\n<\/td>\n<td style=\"padding: .75pt .75pt .75pt .75pt;\">\n<p class=\"MsoNormal\"><span style=\"font-size: 10.0pt; font-family: Century Gothic;\"> Paid\u00f3s<\/span><\/p>\n<\/td>\n<\/tr>\n<tr>\n<td style=\"padding: .75pt .75pt .75pt .75pt;\">\n<p class=\"MsoNormal\"><span style=\"font-size: 10.0pt; font-family: Century Gothic;\"> Rosa M\u00aa Raich<\/span><\/p>\n<\/td>\n<td style=\"padding: .75pt .75pt .75pt .75pt;\">\n<p class=\"MsoNormal\"><b> <span style=\"font-size: 10.0pt; font-family: Century Gothic;\"> Anorexia y bulimia: trastornos alimenticios.<\/span><\/b><\/p>\n<\/td>\n<td style=\"padding: .75pt .75pt .75pt .75pt;\">\n<p class=\"MsoNormal\"><span style=\"font-size: 10.0pt; font-family: Century Gothic;\"> Pir\u00e1mide<\/span><\/p>\n<\/td>\n<\/tr>\n<\/tbody>\n<\/table>\n<p>&nbsp;<\/p>\n<p>&nbsp;<\/p>\n","protected":false},"excerpt":{"rendered":"<p>&nbsp; Material Bibliogr\u00e1fico recomendado &nbsp; AUTOR T\u00cdTULO EDITORIAL Jane R. Hirschmann y Carol H. Hunter La Obsesi\u00f3n de Comer. Paid\u00f3s<\/p>\n","protected":false},"author":1,"featured_media":0,"parent":697,"menu_order":10,"comment_status":"closed","ping_status":"open","template":"","meta":{"footnotes":""},"class_list":["post-704","page","type-page","status-publish","hentry","wpautop"],"yoast_head":"<!-- This site is optimized with the Yoast SEO plugin v21.5 - https:\/\/yoast.com\/wordpress\/plugins\/seo\/ -->\n<title>Publicaciones - Siempre cerca de ti...<\/title>\n<meta name=\"robots\" content=\"index, follow, max-snippet:-1, max-image-preview:large, max-video-preview:-1\" \/>\n<link rel=\"canonical\" href=\"https:\/\/abucaman.org\/?page_id=704\" \/>\n<meta property=\"og:locale\" content=\"es_ES\" \/>\n<meta property=\"og:type\" content=\"article\" \/>\n<meta property=\"og:title\" content=\"Publicaciones - Siempre cerca de ti...\" \/>\n<meta property=\"og:description\" content=\"&nbsp; Material Bibliogr\u00e1fico recomendado &nbsp; AUTOR T\u00cdTULO EDITORIAL Jane R. Hirschmann y Carol H. Hunter La Obsesi\u00f3n de Comer. Paid\u00f3s\" \/>\n<meta property=\"og:url\" content=\"https:\/\/abucaman.org\/?page_id=704\" \/>\n<meta property=\"og:site_name\" content=\"Siempre cerca de ti...\" \/>\n<meta property=\"article:modified_time\" content=\"2014-03-29T22:46:29+00:00\" \/>\n<meta name=\"twitter:card\" content=\"summary_large_image\" \/>\n<meta name=\"twitter:label1\" content=\"Tiempo de lectura\" \/>\n\t<meta name=\"twitter:data1\" content=\"1 minuto\" \/>\n<script type=\"application\/ld+json\" class=\"yoast-schema-graph\">{\"@context\":\"https:\/\/schema.org\",\"@graph\":[{\"@type\":\"WebPage\",\"@id\":\"https:\/\/abucaman.org\/?page_id=704\",\"url\":\"https:\/\/abucaman.org\/?page_id=704\",\"name\":\"Publicaciones - Siempre cerca de ti...\",\"isPartOf\":{\"@id\":\"https:\/\/abucaman.org\/#website\"},\"datePublished\":\"2014-02-16T23:24:13+00:00\",\"dateModified\":\"2014-03-29T22:46:29+00:00\",\"breadcrumb\":{\"@id\":\"https:\/\/abucaman.org\/?page_id=704#breadcrumb\"},\"inLanguage\":\"es\",\"potentialAction\":[{\"@type\":\"ReadAction\",\"target\":[\"https:\/\/abucaman.org\/?page_id=704\"]}]},{\"@type\":\"BreadcrumbList\",\"@id\":\"https:\/\/abucaman.org\/?page_id=704#breadcrumb\",\"itemListElement\":[{\"@type\":\"ListItem\",\"position\":1,\"name\":\"Portada\",\"item\":\"https:\/\/abucaman.org\/\"},{\"@type\":\"ListItem\",\"position\":2,\"name\":\"ABUCAMAN\",\"item\":\"https:\/\/abucaman.org\/?page_id=697\"},{\"@type\":\"ListItem\",\"position\":3,\"name\":\"Publicaciones\"}]},{\"@type\":\"WebSite\",\"@id\":\"https:\/\/abucaman.org\/#website\",\"url\":\"https:\/\/abucaman.org\/\",\"name\":\"Abucaman\",\"description\":\"\",\"publisher\":{\"@id\":\"https:\/\/abucaman.org\/#organization\"},\"potentialAction\":[{\"@type\":\"SearchAction\",\"target\":{\"@type\":\"EntryPoint\",\"urlTemplate\":\"https:\/\/abucaman.org\/?s={search_term_string}\"},\"query-input\":\"required name=search_term_string\"}],\"inLanguage\":\"es\"},{\"@type\":\"Organization\",\"@id\":\"https:\/\/abucaman.org\/#organization\",\"name\":\"abucaman\",\"url\":\"https:\/\/abucaman.org\/\",\"logo\":{\"@type\":\"ImageObject\",\"inLanguage\":\"es\",\"@id\":\"https:\/\/abucaman.org\/#\/schema\/logo\/image\/\",\"url\":\"https:\/\/abucaman.org\/wp-content\/uploads\/2014\/03\/Logo-abucaman-2-png.png\",\"contentUrl\":\"https:\/\/abucaman.org\/wp-content\/uploads\/2014\/03\/Logo-abucaman-2-png.png\",\"width\":560,\"height\":420,\"caption\":\"abucaman\"},\"image\":{\"@id\":\"https:\/\/abucaman.org\/#\/schema\/logo\/image\/\"}}]}<\/script>\n<!-- \/ Yoast SEO plugin. -->","yoast_head_json":{"title":"Publicaciones - Siempre cerca de ti...","robots":{"index":"index","follow":"follow","max-snippet":"max-snippet:-1","max-image-preview":"max-image-preview:large","max-video-preview":"max-video-preview:-1"},"canonical":"https:\/\/abucaman.org\/?page_id=704","og_locale":"es_ES","og_type":"article","og_title":"Publicaciones - Siempre cerca de ti...","og_description":"&nbsp; Material Bibliogr\u00e1fico recomendado &nbsp; AUTOR T\u00cdTULO EDITORIAL Jane R. Hirschmann y Carol H. Hunter La Obsesi\u00f3n de Comer. Paid\u00f3s","og_url":"https:\/\/abucaman.org\/?page_id=704","og_site_name":"Siempre cerca de ti...","article_modified_time":"2014-03-29T22:46:29+00:00","twitter_card":"summary_large_image","twitter_misc":{"Tiempo de lectura":"1 minuto"},"schema":{"@context":"https:\/\/schema.org","@graph":[{"@type":"WebPage","@id":"https:\/\/abucaman.org\/?page_id=704","url":"https:\/\/abucaman.org\/?page_id=704","name":"Publicaciones - Siempre cerca de ti...","isPartOf":{"@id":"https:\/\/abucaman.org\/#website"},"datePublished":"2014-02-16T23:24:13+00:00","dateModified":"2014-03-29T22:46:29+00:00","breadcrumb":{"@id":"https:\/\/abucaman.org\/?page_id=704#breadcrumb"},"inLanguage":"es","potentialAction":[{"@type":"ReadAction","target":["https:\/\/abucaman.org\/?page_id=704"]}]},{"@type":"BreadcrumbList","@id":"https:\/\/abucaman.org\/?page_id=704#breadcrumb","itemListElement":[{"@type":"ListItem","position":1,"name":"Portada","item":"https:\/\/abucaman.org\/"},{"@type":"ListItem","position":2,"name":"ABUCAMAN","item":"https:\/\/abucaman.org\/?page_id=697"},{"@type":"ListItem","position":3,"name":"Publicaciones"}]},{"@type":"WebSite","@id":"https:\/\/abucaman.org\/#website","url":"https:\/\/abucaman.org\/","name":"Abucaman","description":"","publisher":{"@id":"https:\/\/abucaman.org\/#organization"},"potentialAction":[{"@type":"SearchAction","target":{"@type":"EntryPoint","urlTemplate":"https:\/\/abucaman.org\/?s={search_term_string}"},"query-input":"required name=search_term_string"}],"inLanguage":"es"},{"@type":"Organization","@id":"https:\/\/abucaman.org\/#organization","name":"abucaman","url":"https:\/\/abucaman.org\/","logo":{"@type":"ImageObject","inLanguage":"es","@id":"https:\/\/abucaman.org\/#\/schema\/logo\/image\/","url":"https:\/\/abucaman.org\/wp-content\/uploads\/2014\/03\/Logo-abucaman-2-png.png","contentUrl":"https:\/\/abucaman.org\/wp-content\/uploads\/2014\/03\/Logo-abucaman-2-png.png","width":560,"height":420,"caption":"abucaman"},"image":{"@id":"https:\/\/abucaman.org\/#\/schema\/logo\/image\/"}}]}},"_links":{"self":[{"href":"https:\/\/abucaman.org\/index.php?rest_route=\/wp\/v2\/pages\/704","targetHints":{"allow":["GET"]}}],"collection":[{"href":"https:\/\/abucaman.org\/index.php?rest_route=\/wp\/v2\/pages"}],"about":[{"href":"https:\/\/abucaman.org\/index.php?rest_route=\/wp\/v2\/types\/page"}],"author":[{"embeddable":true,"href":"https:\/\/abucaman.org\/index.php?rest_route=\/wp\/v2\/users\/1"}],"replies":[{"embeddable":true,"href":"https:\/\/abucaman.org\/index.php?rest_route=%2Fwp%2Fv2%2Fcomments&post=704"}],"version-history":[{"count":0,"href":"https:\/\/abucaman.org\/index.php?rest_route=\/wp\/v2\/pages\/704\/revisions"}],"up":[{"embeddable":true,"href":"https:\/\/abucaman.org\/index.php?rest_route=\/wp\/v2\/pages\/697"}],"wp:attachment":[{"href":"https:\/\/abucaman.org\/index.php?rest_route=%2Fwp%2Fv2%2Fmedia&parent=704"}],"curies":[{"name":"wp","href":"https:\/\/api.w.org\/{rel}","templated":true}]}}