{"id":703,"date":"2014-02-16T23:24:12","date_gmt":"2014-02-16T23:24:12","guid":{"rendered":"http:\/\/abucaman.org\/abucaman-5\/vinculaciones"},"modified":"2014-03-29T14:56:41","modified_gmt":"2014-03-29T14:56:41","slug":"vinculaciones","status":"publish","type":"page","link":"https:\/\/abucaman.org\/?page_id=703","title":{"rendered":"Vinculaciones"},"content":{"rendered":"<p style=\"text-align: justify;\"><b>ABUCAMAN<\/b><b><a href=\"http:\/\/abucaman.org\/wp-content\/uploads\/2014\/02\/reunion.jpg\"><img loading=\"lazy\" decoding=\"async\" class=\"alignleft  wp-image-893\" alt=\"reunion\" src=\"http:\/\/abucaman.org\/wp-content\/uploads\/2014\/02\/reunion-300x191.jpg\" width=\"186\" height=\"129\" \/><\/a><\/b><b>, <\/b><i>se ha marcado como objetivo, sensibilizar a la opini\u00f3n p\u00fablica y las Administraciones, de los problemas de tratamiento y prevenci\u00f3n de los trastornos de la conducta alimentaria. En este sentido, pretende en cada moment<\/i><i>o crear y mantener vinculaciones a todos los niveles, ya sean con organismos e instituciones tanto p\u00fablicos como privados<\/i><\/p>\n<p>&nbsp;<\/p>\n<p><img loading=\"lazy\" decoding=\"async\" class=\"alignright\" alt=\"\" src=\"data:image\/jpeg;base64,\/9j\/4AAQSkZJRgABAQAAAQABAAD\/2wCEAAkGBxQTEhUUExQWFBUXGBwYFxgYGBoYHBcZFxcXGBgYHBwcHCggHBolHRgXITEhJSkrLi4uFx8zODMsNygtLisBCgoKDg0OGhAQGywkICQsLCwwLCw0LCwsLCwsLCwsLCwsLCwsLCwsLCwsLCwsLCwsLCwsLCwsLCwsLCwsLCwsLP\/AABEIALcBEwMBIgACEQEDEQH\/xAAcAAABBQEBAQAAAAAAAAAAAAAFAAMEBgcCAQj\/xABKEAACAQIDBAYHBAkCBAQHAAABAhEAAwQSIQUxQVEGEyJhcZEHMoGhscHRQlJi8BQVI1NygpKT4TPSQ6Ky8RYkc4MlNERUwsPi\/8QAGgEAAwEBAQEAAAAAAAAAAAAAAAIDAQQFBv\/EACgRAAICAgICAwACAgMBAAAAAAABAhEDIRIxQVEEEyJhoXHwUrHRMv\/aAAwDAQACEQMRAD8AyXZpcKAFnxYj5UVtB+Kgfzt\/sqVZt2xxPsQ\/Jaf662OFw+CN9K0WgZfufZyszEHRTOntigt3DsztAJgA+ABjfNWbH3kNtv2d7cSDlIgwYO\/hVWNtrYEyMy668OUUsrBEnChiVTNoTO+IMyATxE60bsYEftDqXUyFy6tlmYHy8fZXCpXKQYnWB9mrPZxt+9lkIs5Rn3MZ0JA9gJ7z5ceXSuzYveyybJxz3MMmftL61togxxBHGmNuGcNeEH1GjTks+z28qLKoEq7QiAZWJHZ568jpQ3aVnrbVzq3m2EuaQQGfIwBk7xrUccm64+\/6L1orvooU\/rAAHKTbbX+k19AnC3Mo\/aHdWAejOF2pa+6VaOGnVyPhX0YpnLG4HXdug7vbFds7syPQPFi4Bo068p5d9dg3h9tfKiQU8q9CHkPOspm6Bs3uLqfP6V5Nzkh9p+lE+q\/CPOvOrH3TRTDQN6+6NyL7K8u4i7r2fz50SKjvri6m+jZujHPS3iDFvSD+0Bk8DaKn3Gj3oexpt4BAQR2m4cJ076r3ptt62BES7DzAHzq4+hqx\/wCRCqGKBmy3NO12zIyhpEHTUUN6Ri7ZcLe1xxk\/ymuv1uh3\/CpowleHZ45Hyrf0GiKNqW\/vCvRjbZ4jzp5tnj8imX2YvIeX+Kz9ejdHX6TbMaisz9Od5RhLYXXNdE+xXPyrRjstfu+VZR6c0CWrCji5MHuUj51luzUg\/wCifC5dmWPxZ287jR7oq1ulCPR7ay7Pwy8ra+\/X50fuLUp9mxB9xah3VojdWod1aRjgfar5bVxuSMfJSayzo\/iEt4jMxAAttEmNSV\/zWldMGy4S+fwFf6iF+dYjiLTZpNPj7FkadY6QI+gKqOZ18qYv7QV1\/wBVQBPOfGqFYusPz\/ipHXniK1zfoEWhL6FSoIY8TG\/\/ABQfaoVBwnmPhQ18XHA+w1AxW0Dy89a2Ny1RtpDd3ESTqfj86VRWxjE74pVfgS+wtC2b3FCB3MD8Vp9LT\/eb2ifgBXuFvXAoh\/ePmtTLeKuxGb3A\/MVamcwOxOEJmWbUR2S6+4Ej3UF2nb0QQZEjWeff3CdKtrXLx+2f6F+tVfaF9mJ1LsDBJAkQOQ0jh4GslGlYIhYfCm48ZtIOUnQaCY\/7VYMNgb1u3b1KtmMDQkDQdkEwTv3Dj7aF4NLiEAroGmSOYjf3d1WBbLrdK3mzG2FIc6zbJ18j8+6uLK9fwPQY6PYwsGtXoIAJJI0cesCRwIMf1UcvWuww4ZSPcaH7PW27syJBJEkqRmAMyJGlGCuh8DU8S0UVpUzN\/RzdP60wsHgRP\/tvy8K+l7bNGrDyNfL\/AECuD9ZYQjQZo\/5WEe\/319P2tw0Pursl2bHocyab6XVjmaUCKQA7qw096sfi8\/8AFKB+Lz\/xSjwpeVBgifGuLp3\/AOa6n8xXlzjpP58aAMR9O5g4fhrc9wT61o\/oks5dm2QvZHaMeLGs19Pfr4XSP9Xv\/dVp\/o0kbPsR935msfg1eS3gd9ea1wHNVvpd02sYBZukFz6qA6nx5UNpGJFo15mvCTWR4P05WWaLmGZV5q4J8iB8a0zZe17WItJessHtuJUj3gjeCDoQd0UWbRMfduFYh6fX7WHXuuGB\/IB8621rndWE+nR82JsrxyGP5nj\/APGl8oaJq\/RfDZcLZERFtB\/yCp9xafwVnLbUclA8hXl9akzUD7oqFcFT7tQ7opRgJtzZ\/X2mt5suaNYncQflVCxPQBydLw\/o\/wD6rTbgqNcWgDMz0HuD\/iKf5SPnTT9ELo+0vvrSXSo9xKDDM73RO9wKeZ+lDMR0OxBO+35t\/trV3t1Ge3Txk10Y1ZlJ6HYj8Hmf9tKtQNrupU\/2yE4IyqxtCwFAy3FgcGP1A91SLW1cON\/XH2\/Qiq3SrpIUWsdI7A3JePi7f76j7Nxlu5iRCZVIIyzMwN5J\/OlVypuxnC37ZO7NHnp86H0akaniMFbcQNBoSBwO\/UHdXfUw6lzIIIEgeME74MTv+zUS6SwST1V7KMj71ccA3McCOB3cKgbZ2tmtrZZcl0uBcX7qr2iynip0APea5mkOu6B\/SPpg4YpY0Ub34t4chQzDdM8Uh0YEcioIozidjpeClI8RTK9FQQx4k6ezdU\/sh00dixemR9j7cwy37V57Lo9twwKNIMbwQRx7jW+9EuktrHKxtBwEgHNpJPLXWsSwXQtiwnhqe7vNaR0Vxq4YMoQdleGmgiti7a49BkglFtmjACllH5FUDE+lPCW2KPcVXBhly3TBG8SEIrgelPDFS6szIvrMLV4hZ5nJAroo5LNCyjl7hXuTxrMn9MGEH22\/tv8AMVxZ9KUg3NOoUFs+XtEZgoGWRrMjv09rKEn0TnljCr86NPyeNc3F31m9r0pWr6lbQusdJhVXTXiXmKH3fTJYQlCt8leyexbOo0OvW61Pt0dMsbjBTfkB+n3\/AFML4Xf\/ANVax6Nl\/wDh2HjUZOf4jWB+kXpbb2i9k21dcgYHOFE5iu7Kx+7RbYPpaxGFw9vDpaUraUKCXOscdxpuPRJPs+hdpYpbNm5dcdm2jO3gqkn4V884nAfpzPcxBm47Zmg+oTuQcgAYqdivShiMbZu2LltUtsoDkGTlLqCvqjeCa5w2EABCkQ2g\/CCZ8tajN7OjFHWzPMZsw2ndDPZYieYB+mtbF6AtoH\/zGGbUAC6o5HRLkf8AJWY9MsI1i6kHRlB0iMyiDu5z76ldE+kdzBX1v2gCxUrlJiQw3buaiqPpMlW3E+o3t91YJ6UrfWbYw6c+pX+q8frRAelfHn\/6RvJv9lV+xjr2N2thr9yy9v8AaWyZVoHVy0yRzFL5NppOz6HRYFM3qksdKiXDSUBBvihu0MSlpGuXGCqupJ\/Op7qKXqzr0o4hx+joATbZmLcswAyz3asfZSPSHirdAfbXpQVGItWcwHF2IJ9gBjzqv4v0oYlo6u1bTxlp94qFtHZ6uzEAZEDM0ckEnzOlV3C4yGLkSeHd3DkB86rjSa6MyLiy54P0nXgQL9lCOJSVPedSR7NKt+yOlWGxLZLb9vgrAqT4Tv8AZWHs011YvMjBlJVlIII4EbjVHiTI8z6DdajutR+jm0\/0nDW7v2iIYcmXRvfr7amutc9FSIVpU4Vr2gwwGlSpV2nOKncK0Op5MD5Gmqds2GaSqlgokwJgd9AGp4nHp1KC+jBNcrjWI4xvHvqqdJmzXrKhw65IDjeVLbj3jvr3YN5Ftst4FSxlXzsCogbsstM93jTQ2cRc9bOMoytqCYOYyCdIkbtNRXO9FMbuSLNh8UlpDu7A08YH1rnB7UuXNLcAzoTw\/wAmg2L1A19YD\/qUH3TV1w2xrKZXRTP2TPZ8t099R7O5R1YVwSG1bIcliRJPM\/PjULZttry9buUXNUYZSUGh7wdRzqRaxhBgjThT2HvFAx0g8\/zuqkWgnjdUPtsDA3GLtg7LsxksTcMnifWjyr1OjuDVgy4W0oiCgNzIw19ZM+Vt\/Go9raCic2WANSGBgczIED2mp+Guo4lSGHdVFlTPPVrpiGysINRgsID\/AOivzrpNn4cGRh8OO7q1j+nd7qdCV0FpvsrwDjfZ6vVD1bWHX+G1bHwFei4g3JZHhZt\/7a8ikRWc\/wCBrlVW6OxigNwQeFpP9te\/px5r\/bX\/AG0zFcXCACTuAnypeYcSk+kvbrXLTWVMhTroBJgzuG4A0H6O7YttaEuwuCMyqCSSBE7joYoJt\/aJN953ZX9pgmTTmzsMbFtbitvXtaEg9qABHHf+YpI242\/JdyUJUN9MsX1hACkZdZPeYjuqu9cQANxBBEd1EduYrM\/ZKkFdY7zuPI6CoGEwpu3FRd7GPdV1HiqZGUuUrRt\/QfpncvoLV245uqoIbMf2i89\/rDjVuGObiW8\/81h2zb7WXRwYu2TDDgQBu8GHvrXsNig9tXG5lB8xXN9j6LTxpMsewcaXDgkntaTyygfGanXarewrsE+NWAvIpou0Tehq5VO6bI5UFFzkE9kmAdJ107qt7mqZ0ixbo7lhqQcnLJ3d54zFLJFMe2ZqLTJYxdwAQUELv0Jhh3jXuOlVPbdsLdZQIgkctxI+VaXsfY5QsSYUktG8Q3cflVX9IGARLiXLf2gcw4SAo+FPikro3NF02VF7BGo1Hzr02Imd8UreKYAAbqaZya6TjNO9EuIm1eTgHDD+YQf+mrw4qi+iJf2d882UeQP1q+OK5Z\/\/AEy0eiOVpV2RSrDT56qZgtl3rv8Ap23fvAMee6mLcFu1McYAJ9moFX7D4nGmALiH+Ej5WzXYlZzsHYL0e3mWXuKhP2QCx8CdAD4TR+90Nt28PdAAJyMQSDocp19aJ74qP+jY5tevYD+FzHkooUMPcxF5rPXLCiXfUHTQqAzwd+ppq\/gx\/wCSFs39H\/R4cjrD6sDtDeCJjcNSQdCDzFWPYfRe7dW1dtNbjKZUhgGVogzwJA3eFAehuy0vXgpAbKpLcYIaF7t0n2Vq+JxoshEVQzkdkH1VXdmI467h3GpNKrkPFPl+eyi7T6N3kUlkKqNZ3r7SJjx8KWyNthALLOdT2BOZZJgjTdNX2ztDEDUlWHFSggjlpBFDMdhLGXrrVpF7X7RMolGMnMCBqpgmfHvjlcV3FnoQbWpjNrFBT29PGou3b1tkPbAJBjeRqPu66d4FFujeylxVxs7dhdGHElgYg8BNCNt7DUdhVytb0GkkgHVZmece2saajfsyeS7VbRM2JYRbQBvEk8RAX3a++p9\/DuoUJcynNJYBTmUAypke\/fVZ2Nct785RjuYDQ8II48iDviZqxDELAIBBymQsMv8AENYy6cPbTYlbVHA5KrD8V7FZ8duYrPeAdCFfIksVgwDqBvESZ7qunR++z4dHuMCxmTuHrED3RTtNDp2TgKUV0XX7w86569PvCsNOStDOkV4pYcjedB7aKG+vefAH6UD6TuWVVVWMHMdOApZdFMauSMjbB5r5JE9ktkJyzAjU8NSD7KKYnFnQbgTC6GBxMA8KdxRDPeI0IiCc3qsSSIBHHKNeVeDZSOAXdyd4AI08BFdKzY8SSkSzTUJb8lZ2vaUPK8RJAmAdePl50S6NYMZ1zKQSOydRHEazympeOwa5QgJzEgmeQ5TpxXzFEUzWgiOVaGGUjlEfM1uW3FspFVJf5G9q4Yo5aSc67+8aju4+6oGG6c4y2mUXFYAQJReA03RR7bf+nPIT7qzx91P8DHGUZykr\/wBY3zG1xSN\/6HYxrmHtXH9Z0VjGmrAHdVtsXapvRdMli0v3UUeSgVZLNyuOPbEfROutVI6Tv+1SRrBnw4Dlzq5Fpqu7aso5OaAdwJkQfYda2SfgbHJJ2yvWXOTtHd7KpXpIxYIsqu7tH4CjV3D3kuFHdHHdII5Zl4SOP5A7pFsJr+VljcF\/h7UsfL4VOH5nsvP9w\/Jn1FdgbFfEvA7KD1miY5AcyasTdE7NvUuzcddB7aYTHtg7qPbU5AylxGhU6mO8jjV3lvUTm+njuRqOwtnJYsIiLAAjvJ3knvqW9dYfELcRXQyrAEHuNc3KnQDJpV7FeUGHz7YzAgrvBkeIouds4qIOIuD+FivwIpiIptxXv4\/iQj3s4nks6v4244hrjsPxOzfE1HE12RUjZuHNy7bQa5mA99dDjFRa8BZqHo52F1VpSfXeCx5Tw9nyNd3b5a61w8Tp3KNFHsAFW3ZOHCiOCqR7SMv1qujB6Gvn\/keEdvxu2ydgsVOhp5k6txcADD7Q4Mp0IPsmguGuaxyo9ZOZYrk2dlJo92VsNZuXLWYYe4u6CXturqQIE5gIMEV3t7Cg3n74PmJ+NPbJxRKNZLhMssJJAIOp1Gum\/wA6rnTnpB+jYjDzDWrtvV+9SO34HMK65RjLEnH316OGE5RztT9LfsFbX2GWbNbMNMsu4N+Id\/Me0cqh3sTlVcoK3ASt1JK7ogkL3aeyjuGxIv3FWQVkAfiPjyqxf+E7eJxIDE2mFsklADnAKgCd0id+tckVTLZcS7RlxtsxudtgLmpQElSZBmNddN9Gdm38SiLbtK5A0EWsx8yprbcJsDD2xAQMeba+7d7qnWrCqICgeAqznH0c6g\/ZiRTaG8rdUd6Jb+MU5d2VtCMzdYBv\/wBZR7lb5VsmKwyMIIG+agbZy9S4geqfhS8\/4KfWq7Zg1zah6zqmuNmPAtcI84qf0guXtlXbPW5CLyZxlk6THakCh62EONB09YfGtA9OWy1u4XD3SNV7M8RIBHsqrSapixuLtFYQYbGJ16dh\/VbLxmDBB0AqLhdj20YFHuBSpBkr2hzloykHfHKs72btO5hmOQggiGU6qw4Hx4gjUUaTpiesR2TQTmA7xErmkCdJ04d5pPqZb7IN3JbJmIsm1eJV3LsCoMzIBB0YcdB8Ode38E7spUlQI9bjG75\/kVA2t0oW6QVtsMsRmI0IYNOnhUS\/0nvNuCqPOncsrVGp4lKyy3s2Xq2bNOg7p0qk4qyVYo2hDZTy3\/CnU2xdDZs0kcCNKseG2B+mBL7OELQXUDQgaaa6GKb4+SWFSjLpr+yWef2yVLSNQ2PfVlBRgw4EEEd26jNq5WZrhbuGuh7Esp3jQD27hwg+w86tn\/iG2AIktHqjgeU1zKSWx+MnpFqtvVf27tNIchc+TXTczAEhNO+N1Qhta7ctsVBBzZYGpC5TBA4nMPfUPpJhRbwjlYDMVMEaneGPjHwNdEarkTad8SPhUlSxALvqxG7dpHJdSfbTGIuhASSAsaml0dwV25b1D5YAUZcsKOZaB\/2ov+p1ENfAbillZI0aJPFuB5a8ahHFKTtnRLLGEaRWDgRiUBOYWmIjLvYSPWO8DTWN2\/XcJ1yytq32EChVksFkdg5Sq6ls2jaHn3RVkuozZioPZG4Rqyz2QDw4VGuWmuLlAysRJYQcrRM8QQToY3V1xioqkckpOTtjezMZlCwQUIEmIgmI0\/O6jD0EsYVlAHZOvbLDfE\/XTw76K2n0iZjT8\/nhSZI6sIPwelqVeGlUSlmGmuTSBrxjX1J5yODVg6A2s2NtmJyy3lVfNXD0Z2pvu3JY85mp5nWNlEa1gt2vGpN\/YqvqrR8PdurjC2TG6aI2THCvHlFS7KRk49AHG9E5XMjgXfsgCFbuP1oPgcYVYq4Ksphgd4Iq\/W73GgnSfZK3xnQZby7jwYfdb5HhUZ4VX5L4vkNOpdAnGYcMMw1B3juNC+lJTFdTbKBVVDmnUIqlIgxxAOh\/zTmzNolSVYEEGCDwPEGpeJsjRlAYb4Nc3JxTR2PHGbTYx0ftYZFP6OiwpADDfJ118\/KKP9DdsA4y5hyZYWusURoVLhSQefZ3VVrm0h1xEQDDN4orcPaPKpXoxure2pfYa9TYFufxO4LDwER4zWLaszKqRrWavCa6IrkgUpEbehW2LDOjKozEg6CirVzZGpPsp4xt0DdIxXC9GcUMWGbC3Aub1spI39wrSvSJgeu2c6BS7AAqoBJkRw31YmqOTrXRwJWfJt7YOIUmcPfAG6bTj5VDOFKsOsV1WRMiDE6xI319UHbaxmz2cvPre8fhp5NoEsB+zyniLpJ8snzp6BxZ85HB7LP\/ABsSv8Sq3wWuf1Ng2\/0sZ\/WhWPdrX0vcwyneqnxArJfTRse3buYTFZF6vP1V0ARInOo05jrfdVecP+P\/AGc31S8Tf9f+FCsdFVuOEt4m05PAET36Zp3VoyYK1aVbMhDHYWe0QOMfM0YToNg7TLesWcrjUHO5Go3wWI41xitlHOWA1IgkjWefjXNmSk\/ytHX8dcE+crf++iq7Uvrh3GdwV3akD40xhNr4Yam5aH84NPbQ9Hy3XLPevse8qY7h2dBULEejW0sft3k8CFGnjSLFGK2O8spPRYdl7Ww7NKXFIUZnytJyggbhzJA9tT9mWf0u8bzGbSz1aBjqQdS6\/Aa89ONG2Z0ZvYZrpJU23QpoSG0ZWU7oB7I41qOwLSdUq221USNR2iZ1aNSJmnjT0ic+S2\/I7+j2kOgBFzgOMLCr\/DodN2vm1fUvoJtFW3qu8BQSBzGu87jUzLkf1FOULlA0JkmRxgAEnzqFtu6qLJYB\/smOIOhYDdO7frViFkK1eKesyCGYAfxAlFOnZO4zTpd1ResIFyQsADLnbUg8JOonvFcYaytoaAHN2oJ4798aiTFdjEoQxmNcpk+qyzr3Hte8UDEKyrHMxYNBIgRoFJOXs6Tu926m7F1esAXiCx8JJBjnM0xYugZmhrcXJbjLEgEnyINM4jaIQM8MwTMzT9kR6q+40NWqM8nuP6T4azca27wyxIid4B+dKsfxmJa47XG1ZmLHxJmlXWvgwrbYfYxWmrpjTGGBYhVEkkAAcSdAKO4\/orirMG9bKJEl5DKviRx7uNdsc0eKbZJx2DtnYNr1wIunEnkBx+AHeQK1HolsRMLcZFYudM5O7MJkDuqu7PwipbyW0MHKS\/3mOknwkEKN3dqTcuj68yToBJJYmABvOp9tcOX5DyOl0NVFyw4mpjrG4T76GYJ8pAO7nRJgDuqADLR3qfdULFFtcpn2EUVVTzpXbBI30GFBGyb1y7duAmRlAEAAwNTpr3amezULBdIbRLozBShKtOmUiZmfA1f7ji3oOJ9prK+lHQbFWb74rD\/+Zt3Sz3LYEMoYloyz2gOBGvdUcmNS2XxZpRVdlW210jc33FjWZQMNZzadn4TWzehzo0cHhWuXQeuvkM07woGin2yayLojewdjHW7uJDqitPqzkcTGZd4Exunwr6W2biLd22r2XW4hGjIQwPtFQyLj+UWUuW2PNdppr1POlMtbqQw1cu0\/hgcvDXWmzaqaBVsKt2SyOlQwQeXv\/wAU21vun2\/4qSRXkV0USsrjdE8Cd+ETypo9C9nyCMMFIMggsII8Gq0Za8yUUZZFOX8XlVc9IGxlxWBu2hJYQ6iOKHNA8RI9tWspXJWijUyqdFb\/AFuDsNxyBT4p2T7xRB8PPCqdsTpVhsA+LweIfIbeJc2xlLfs7mV13D8RouOneAP\/ABwPFW+lJdDhO5YgGBrVUvoc5zsysea6DXw3UbXplgW3Ym37ZHxFettLCXd1+yf5x9axpSGjJx8APFYI6cdN\/j8qiYK09q4Wt8fWHAgGTrwqw4spkJs3bZYagZgQ0akb95EwecUIubXUEI4ylxmQ8LiyNx+9ru7xU\/rcXaKfYpKmcNt61blrmdWP2mkDMCcsawN+8+2ubOLtO4zqUe4Mi8WMANrIiZ19lA8SmMW+xzqCB6hggqxhezvYGDroBl51y15kaHXOv9LAcY0g+0VVzUKUiEcbnbh0HcFigrN2WZpVd06SY8p9\/Gnks22LBBmh4YAAAHexP3hMacKBYTaC3bjIXa1uK6gE5Z0ncTETrrFG7vaUjMEWAQ6kamR2j+IjWfrTpp7RnFrTOL+Jt5jCnUakjSMsjzmJ86FYxJ6wjN2iQSY0BUbhy0Apy1tRQ7yyZSREFSVEQ0+0zx3VC2hfyWXKiVUEZp9bdB5ERx7zTIWRlNeUqVerYgW6I38Ol9TiJAkZWnRWG4tx9vCtl2lfYYW4wAvLkkLlLzrP2TqNx0FYLg3VXUuudQe0p4jiNK2LoljrVtersFmGrBC2bskAwuZpB13btfbXmJNxNl2QsPtzCNa6tL9uFhoY5M2YNI1+0NKL9GcSlzKbZUg7gCNO6BUXpL0Is48G7aItXxo0CFbkHXeHjj8RFZ6ehOLRoOVHB3ZiD4gxEd4NJ0w0b0iHiKkWkZd26sOw2y9s2hmtNfYRPYu5xA\/CW+VHuhHT3FnFJhMXrnOXMVCOjRIkAAEbuHGaa0FGt5gNTpTD4otonnXWQbyZ8a6YafKtFBraGN7HjyokXj88qg3rUGRXNy6Y7zWMZArpV0WsY1SWQdZEBxo39X1kVmjbM2hsq6Xwl143so4j8dsyG8RPsrYUfcOVRsZbW7o4nXTmPA7xSSVjplT6P+nHcuNw+u43LPzRj8G9laDsjpzgMVHVYm3mO5XPVtPg0E+yvmLblrLiLyjhcceTsKg1J4kx1kZ9lm\/uO8d0a1Ax\/SW3ZBa4lwAcRkPwea+Vtm9IcVh46nEXbYHAOcv9Mx7qLX+n+NuIUu3FuDmyKD5rFEYyj0bJxl2fQeE9IWBuNlV3zcjbb4xFGl2zZP248QfpXyzsvpO1q4HNsN3A5fkauVr0oWSO1ZuDwKt8Yq6aJUbfe6SYRDD4i2p\/E2X41wvSfBHdirB\/9xfrWC7S6Z4W7BK3B3FRp\/zVBt9IMIOD\/wBI+tNS9mH0X+v8L\/8Ac2f7ifWnE2pYbRb1o+FxT86wCz00wqCALp8FHzYUM230utXlyqj\/AMwUfAmkdI1IsfprwATaCXliL1oTH3rZyn\/lKVSFuUES7Bpw4tvCoTg5MrGSSCzXKhYjEL41BLsxjUk8Ksuw+g+IvkG4OpTmw7RHcu\/ziiOEHkAmBw737i27Q7THhpHeTyrVtm9H7SWbaE9Y5AzhmLSwBkpJ7BkgSI4V7Y2HZwlr9kpkFSzaF2g8\/HWBpRLD4tCSAoL5QQPtAHKD4RI3cKulRFtsEbWe5abtOWXcrzOWAP2dyN3MN567+LW0FuaNow3g1ZLaC4p1ywxFwAaMQADv3wAPKqxiujBfW1cVSMxO8KO0cuUjcI0iCNN1SyYr2i+LNx0zy5h1Ok03hAys2Y5hvBPwoaWvopNy2zICR1idpdDBmNQPECvExisOy48a5XFxOtTUhnaV3NcVTuJk8dBqa96QXmTCkLKqYAEADKxkgDugDwIqT0ewge615j2FlJMQxIObTkB8e6velMPh3CKcoOn8p1PhofMV1\/GjxVs4\/kS5SM9mva5mlXfzInK1cuh9+QqszrJ0ZGhtOyB4DNyqmirJsfadq1aU5j1i7lyyCczEezUeVc0brQM0p3uK6G07QgQO57UiSCDz4E6d+\/Wptnb9m\/dOHvxbuKSoJEBzpBR5gaT2DrymKz9OmyZMpRhO\/JAnu3yRVc25tc4ggkRA17zAE+QFVWOTFo+gAepQJlJG7MO7nyqibVQvt7CaARan+nrjPwqu9F\/SJfw4Fu\/N+1uEntqO4n1h3Hzo7jOk2A69Majk3VXJlgg5TI9U8pOoNZLHJeA6NRtQO886cJqgWfSLhY1c\/wBLT\/01LsekDBn\/AIsfxKw+Irfqn6YWi4kUy9maBWOmGGf1bqH+YURw+17bah1PgaRprsB67ZyqTUG28STuUSfZUi5jg50oZ0i2jaW2bIbtN65GsDlSSaSseEXJ0YPty5mv3WPF2PmxPzqDU\/bn+vcG+GIB9tQKQ1qhUqVKgBUqVKgBUqVKgBUqVKgBUqVSdmW8160p1BdRr3sBQBsOydlWMOq5Laq0CWiWJ46nXfRQXgdx\/wAVDN4xoAw5Hf5\/Og21sZcBAs2Sznk5AUczIiPGnFDm0mm04I+ydOfhz8KEbPxhsN29VPZV1WYktAJGpGg8jUnC3LxUBgJ4jePeK6tbLmA5JAJIB\/OtBhJbHW2kEjNAbLMEiZMTuJjhXFraKsALSCQxnd2SdR4yePOadbZiEEEbx5ULxmzupzOjOsgDQzMc9N53a0Gk5rqupzDKbbxMBQ06mIO4zPjQI7Iwzsx1BDMzEEjNMHKY5TM8ddaefaeWJl2EnsidBvzEcY4EcNJNK5tPLFpQASBk38pUkb5Mb6GkwVroetWMiGAqOVymB2QAMq6RpM60KxlwgspYdywNAwC+WbWd9O7WxnUrnZwGkb57QklhpvMTVbfpJbLFirZjoCANRGkyfGgCt4m3ldl5EjyNe17ir+d2aN5J868ptezRqlNTcFhDMmiD29wipcmujQHmpBqsz2Vy7h5U29tFgZAzN6qKsk+AFOskvZhXwTyrkHWjq4HEN6uEKjvtv9KZ\/VOIn\/5ZyOQRhR9uT2GgWHPKnUvH2UbTDXQCBhLqnnDn2xlqLiNh3imbqrpfNr2G1HDSKtH5eSPmzHBMH3GohYdrAGUkXWObfog7xuJPIipljZBS2tzqbpeNxR9G8I9tQTgMRmLGzdJO89W\/0pPkfKeXSVFceJLsPWNp32Gt5hp9kIn\/AEqKj3MY6wJkk98n\/NQrdrED\/g3Z\/wDTf6Vd+inRq4qi9ftsHbcCDKrwHd38da5IwlJ7KyyQgvyZjtUN1r5hDTJB4TrUSrR0z2TeONvFLNwrKxCMR6i91BP1RiP3F3+230qtVo57vZCpVN\/VGI\/cXf7bfSl+qMR+4u\/22+lAEKlU39UYj9xd\/tt9KX6oxH7i7\/bb6UAQqVTf1RiP3F3+230pfqjEfuLv9tvpQBCpVN\/VGI\/cXf7bfSl+qMR+4u\/22+lAEKivRfC9biUX+IzyKqSD5xUf9UYj9xd\/tt9KPdDtm3kvlms3AMpGqMNSR3eNajGXvZma4ADpG89\/EUZt4QCouz7Dg+o2v4T3xwonlbflbyNMYjgIK8aubitvCt5H6U0CT9lh\/Kaw0cL0zdYEQdRypi8z\/cf+k1Fa6+7I8\/wn6UAAdqOFvlZyqFLMYO5oAM8x+ZpJjcrICRl1zEzmI4QR4TXu20vwexcKHRgqNOuh93KoFtyzicPdKgDVrTyMsmRpEnzNaYCenN7Pdt6BZXcDoJaAR3QPdUbD9GWdsqsGJ3EbgQdZ7o+IqXitnX8RirarauKoIUEo0KMxM7t0VbsZZ\/Rkhbbu500RpPeYGgrO2AITothlADBmI3nXU89GFeUJvYvFlj+zxB8EYDyy0q2kGyMscK5ZtaVKloLPMZi8g11J3DhVj9FuBJ2lhLtw69ZoP5WpUq00+oqVKlSmipUqVACpUqVACpUqVACpUqVACpUqVACpUqVACpUqVACpUqVAEeHzfhmomIw2IklLq+sSoK6BSsAGBrB\/78K8pUARkwmOAjr7RMGOx3iJ9k8Bry3U9cwuKJeLyCWBTs7lhpU8\/s+RpUqAOGw2N0\/bWu\/sHUyPIRPmPav0bGZgeutQDuyHUcB+flqqVABC6t2eyyx4cgdfaYHs764yX49ZJ8DFKlQbYgl\/7yeRr1kvaQyTJnQ6iIA85Pl7VSoCz25auSYcROgPAct3\/bvrgWb33wPfz7tIkeXfoqVAWTRSpUqDD\/\/Z\" width=\"213\" height=\"143\" \/><\/p>\n<p><b>Corporaciones Locales<\/b><\/p>\n<p><i>Mediante el contacto con los ayuntamientos y en concreto con sus Concejal\u00edas\u00a0\u00a0de la Juventud<\/i><\/p>\n<p>&nbsp;<\/p>\n<p>&nbsp;<\/p>\n<p><b>Consejer\u00eda de Salud y Bienestar Social<\/b><\/p>\n<p><i>Manteniendo reuniones peri\u00f3dicas con los responsables del <b>SESCAM<\/b><\/i><\/p>\n<p>&nbsp;<\/p>\n<p>&nbsp;<\/p>\n<p><b>Consejer\u00eda de Educaci\u00f3n y Cultura<\/b><\/p>\n<p><i>Llevando a cabo programas de educaci\u00f3n para la salud en los alumnos en centros educativos de primaria<\/i><\/p>\n<p><img loading=\"lazy\" decoding=\"async\" class=\"alignnone\" alt=\"\" src=\"http:\/\/edu.jccm.es\/cp\/santamarina\/images\/stories\/fotos\/abucaman.JPG\" width=\"208\" height=\"167\" \/><\/p>\n<p>&nbsp;<\/p>\n<p><b>Otras Instituciones y Organismos<\/b><\/p>\n<p><i>Tambi\u00e9n, son de mencionar otras vinculaciones en el \u00e1mbito privado, tales como contactos con Diputaci\u00f3n Provincial, Cajas de Ahorro y Asociaciones no gubernamentales<\/i><\/p>\n<p>&nbsp;<\/p>\n<div id=\"capa3\" style=\"z-index: 3; position: absolute; width: 417px; height: 45px; top: 216px; left: 65px;\">\u00a0<\/div>\n","protected":false},"excerpt":{"rendered":"<p>ABUCAMAN, se ha marcado como objetivo, sensibilizar a la opini\u00f3n p\u00fablica y las Administraciones, de los problemas de tratamiento y<\/p>\n","protected":false},"author":1,"featured_media":0,"parent":697,"menu_order":9,"comment_status":"closed","ping_status":"open","template":"","meta":{"footnotes":""},"class_list":["post-703","page","type-page","status-publish","hentry","wpautop"],"yoast_head":"<!-- This site is optimized with the Yoast SEO plugin v21.5 - https:\/\/yoast.com\/wordpress\/plugins\/seo\/ -->\n<title>Vinculaciones - Siempre cerca de ti...<\/title>\n<meta name=\"robots\" content=\"index, follow, max-snippet:-1, max-image-preview:large, max-video-preview:-1\" \/>\n<link rel=\"canonical\" href=\"https:\/\/abucaman.org\/?page_id=703\" \/>\n<meta property=\"og:locale\" content=\"es_ES\" \/>\n<meta property=\"og:type\" content=\"article\" \/>\n<meta property=\"og:title\" content=\"Vinculaciones - Siempre cerca de ti...\" \/>\n<meta property=\"og:description\" content=\"ABUCAMAN, se ha marcado como objetivo, sensibilizar a la opini\u00f3n p\u00fablica y las Administraciones, de los problemas de tratamiento y\" \/>\n<meta property=\"og:url\" content=\"https:\/\/abucaman.org\/?page_id=703\" \/>\n<meta property=\"og:site_name\" content=\"Siempre cerca de ti...\" \/>\n<meta property=\"article:modified_time\" content=\"2014-03-29T14:56:41+00:00\" \/>\n<meta property=\"og:image\" content=\"http:\/\/abucaman.org\/wp-content\/uploads\/2014\/02\/reunion-300x191.jpg\" \/>\n<meta name=\"twitter:card\" content=\"summary_large_image\" \/>\n<meta name=\"twitter:label1\" content=\"Tiempo de lectura\" \/>\n\t<meta name=\"twitter:data1\" content=\"1 minuto\" \/>\n<script type=\"application\/ld+json\" class=\"yoast-schema-graph\">{\"@context\":\"https:\/\/schema.org\",\"@graph\":[{\"@type\":\"WebPage\",\"@id\":\"https:\/\/abucaman.org\/?page_id=703\",\"url\":\"https:\/\/abucaman.org\/?page_id=703\",\"name\":\"Vinculaciones - Siempre cerca de ti...\",\"isPartOf\":{\"@id\":\"https:\/\/abucaman.org\/#website\"},\"datePublished\":\"2014-02-16T23:24:12+00:00\",\"dateModified\":\"2014-03-29T14:56:41+00:00\",\"breadcrumb\":{\"@id\":\"https:\/\/abucaman.org\/?page_id=703#breadcrumb\"},\"inLanguage\":\"es\",\"potentialAction\":[{\"@type\":\"ReadAction\",\"target\":[\"https:\/\/abucaman.org\/?page_id=703\"]}]},{\"@type\":\"BreadcrumbList\",\"@id\":\"https:\/\/abucaman.org\/?page_id=703#breadcrumb\",\"itemListElement\":[{\"@type\":\"ListItem\",\"position\":1,\"name\":\"Portada\",\"item\":\"https:\/\/abucaman.org\/\"},{\"@type\":\"ListItem\",\"position\":2,\"name\":\"ABUCAMAN\",\"item\":\"https:\/\/abucaman.org\/?page_id=697\"},{\"@type\":\"ListItem\",\"position\":3,\"name\":\"Vinculaciones\"}]},{\"@type\":\"WebSite\",\"@id\":\"https:\/\/abucaman.org\/#website\",\"url\":\"https:\/\/abucaman.org\/\",\"name\":\"Abucaman\",\"description\":\"\",\"publisher\":{\"@id\":\"https:\/\/abucaman.org\/#organization\"},\"potentialAction\":[{\"@type\":\"SearchAction\",\"target\":{\"@type\":\"EntryPoint\",\"urlTemplate\":\"https:\/\/abucaman.org\/?s={search_term_string}\"},\"query-input\":\"required name=search_term_string\"}],\"inLanguage\":\"es\"},{\"@type\":\"Organization\",\"@id\":\"https:\/\/abucaman.org\/#organization\",\"name\":\"abucaman\",\"url\":\"https:\/\/abucaman.org\/\",\"logo\":{\"@type\":\"ImageObject\",\"inLanguage\":\"es\",\"@id\":\"https:\/\/abucaman.org\/#\/schema\/logo\/image\/\",\"url\":\"https:\/\/abucaman.org\/wp-content\/uploads\/2014\/03\/Logo-abucaman-2-png.png\",\"contentUrl\":\"https:\/\/abucaman.org\/wp-content\/uploads\/2014\/03\/Logo-abucaman-2-png.png\",\"width\":560,\"height\":420,\"caption\":\"abucaman\"},\"image\":{\"@id\":\"https:\/\/abucaman.org\/#\/schema\/logo\/image\/\"}}]}<\/script>\n<!-- \/ Yoast SEO plugin. -->","yoast_head_json":{"title":"Vinculaciones - Siempre cerca de ti...","robots":{"index":"index","follow":"follow","max-snippet":"max-snippet:-1","max-image-preview":"max-image-preview:large","max-video-preview":"max-video-preview:-1"},"canonical":"https:\/\/abucaman.org\/?page_id=703","og_locale":"es_ES","og_type":"article","og_title":"Vinculaciones - Siempre cerca de ti...","og_description":"ABUCAMAN, se ha marcado como objetivo, sensibilizar a la opini\u00f3n p\u00fablica y las Administraciones, de los problemas de tratamiento y","og_url":"https:\/\/abucaman.org\/?page_id=703","og_site_name":"Siempre cerca de ti...","article_modified_time":"2014-03-29T14:56:41+00:00","og_image":[{"url":"http:\/\/abucaman.org\/wp-content\/uploads\/2014\/02\/reunion-300x191.jpg"}],"twitter_card":"summary_large_image","twitter_misc":{"Tiempo de lectura":"1 minuto"},"schema":{"@context":"https:\/\/schema.org","@graph":[{"@type":"WebPage","@id":"https:\/\/abucaman.org\/?page_id=703","url":"https:\/\/abucaman.org\/?page_id=703","name":"Vinculaciones - Siempre cerca de ti...","isPartOf":{"@id":"https:\/\/abucaman.org\/#website"},"datePublished":"2014-02-16T23:24:12+00:00","dateModified":"2014-03-29T14:56:41+00:00","breadcrumb":{"@id":"https:\/\/abucaman.org\/?page_id=703#breadcrumb"},"inLanguage":"es","potentialAction":[{"@type":"ReadAction","target":["https:\/\/abucaman.org\/?page_id=703"]}]},{"@type":"BreadcrumbList","@id":"https:\/\/abucaman.org\/?page_id=703#breadcrumb","itemListElement":[{"@type":"ListItem","position":1,"name":"Portada","item":"https:\/\/abucaman.org\/"},{"@type":"ListItem","position":2,"name":"ABUCAMAN","item":"https:\/\/abucaman.org\/?page_id=697"},{"@type":"ListItem","position":3,"name":"Vinculaciones"}]},{"@type":"WebSite","@id":"https:\/\/abucaman.org\/#website","url":"https:\/\/abucaman.org\/","name":"Abucaman","description":"","publisher":{"@id":"https:\/\/abucaman.org\/#organization"},"potentialAction":[{"@type":"SearchAction","target":{"@type":"EntryPoint","urlTemplate":"https:\/\/abucaman.org\/?s={search_term_string}"},"query-input":"required name=search_term_string"}],"inLanguage":"es"},{"@type":"Organization","@id":"https:\/\/abucaman.org\/#organization","name":"abucaman","url":"https:\/\/abucaman.org\/","logo":{"@type":"ImageObject","inLanguage":"es","@id":"https:\/\/abucaman.org\/#\/schema\/logo\/image\/","url":"https:\/\/abucaman.org\/wp-content\/uploads\/2014\/03\/Logo-abucaman-2-png.png","contentUrl":"https:\/\/abucaman.org\/wp-content\/uploads\/2014\/03\/Logo-abucaman-2-png.png","width":560,"height":420,"caption":"abucaman"},"image":{"@id":"https:\/\/abucaman.org\/#\/schema\/logo\/image\/"}}]}},"_links":{"self":[{"href":"https:\/\/abucaman.org\/index.php?rest_route=\/wp\/v2\/pages\/703","targetHints":{"allow":["GET"]}}],"collection":[{"href":"https:\/\/abucaman.org\/index.php?rest_route=\/wp\/v2\/pages"}],"about":[{"href":"https:\/\/abucaman.org\/index.php?rest_route=\/wp\/v2\/types\/page"}],"author":[{"embeddable":true,"href":"https:\/\/abucaman.org\/index.php?rest_route=\/wp\/v2\/users\/1"}],"replies":[{"embeddable":true,"href":"https:\/\/abucaman.org\/index.php?rest_route=%2Fwp%2Fv2%2Fcomments&post=703"}],"version-history":[{"count":0,"href":"https:\/\/abucaman.org\/index.php?rest_route=\/wp\/v2\/pages\/703\/revisions"}],"up":[{"embeddable":true,"href":"https:\/\/abucaman.org\/index.php?rest_route=\/wp\/v2\/pages\/697"}],"wp:attachment":[{"href":"https:\/\/abucaman.org\/index.php?rest_route=%2Fwp%2Fv2%2Fmedia&parent=703"}],"curies":[{"name":"wp","href":"https:\/\/api.w.org\/{rel}","templated":true}]}}