{"id":700,"date":"2014-02-16T23:24:09","date_gmt":"2014-02-16T23:24:09","guid":{"rendered":"http:\/\/abucaman.org\/abucaman-5\/que-perseguimos"},"modified":"2021-01-16T18:36:06","modified_gmt":"2021-01-16T18:36:06","slug":"que-perseguimos","status":"publish","type":"page","link":"https:\/\/abucaman.org\/?page_id=700","title":{"rendered":"\u00bf Qu\u00e9 perseguimos ?"},"content":{"rendered":"\n<div class=\"wp-block-image\"><figure class=\"aligncenter size-large is-resized\"><a href=\"https:\/\/abucaman.org\/wp-content\/uploads\/2014\/02\/unidos-2-large.jpeg\"><img loading=\"lazy\" decoding=\"async\" src=\"https:\/\/abucaman.org\/wp-content\/uploads\/2014\/02\/unidos-2-large.jpeg\" alt=\"\" class=\"wp-image-13\" width=\"392\" height=\"252\"\/><\/a><\/figure><\/div>\n\n\n<div class=\"art-content-layout\">\n<div class=\"art-content-layout-row\">\n<div class=\"art-layout-cell layout-item-0\" style=\"width: 100%;\">\n<ul>\n<li><span style=\"font-family: 'Comic Sans MS', Tahoma, Arial, sans-serif;\"><span style=\"font-family: 'Comic Sans MS';\"><b><span style=\"text-decoration: underline;\"><span style=\"color: black; font-family: 'Comic Sans MS', Tahoma, Arial, sans-serif; font-size: 16px;\"><code><\/code>Apoyar<\/span><\/span><\/b> <span style=\"color: black; font-family: 'Comic Sans MS', Tahoma, Arial, sans-serif; font-size: 16px;\">la agrupaci\u00f3n de <a href=\"mailto:tod@s\"><span style=\"color: black; font-family: 'Comic Sans MS', Tahoma, Arial, sans-serif; font-size: 16px;\">todos<\/span><\/a> los <a href=\"mailto:enferm@s\"><span style=\"color: black; font-family: 'Comic Sans MS', Tahoma, Arial, sans-serif; font-size: 16px;\">enfermos<\/span><\/a>\/as de trastornos de la conducta alimentaria (T.C.A) que viven en la regi\u00f3n de Castilla\u00a0<\/span><\/span><span style=\"font-size: 16px;\">La Mancha.<\/span><\/span><\/li>\n<li><span style=\"font-family: 'Comic Sans MS';\"><b><span style=\"text-decoration: underline;\"><span style=\"color: black; font-family: 'Comic Sans MS', Tahoma, Arial, sans-serif; font-size: 16px;\">Procurar<\/span><\/span><\/b> <span style=\"color: black; font-family: 'Comic Sans MS', Tahoma, Arial, sans-serif; font-size: 16px;\">la mejora de la atenci\u00f3n de los trastornos de la conducta alimentar\u00eda en la comunidad de Castilla\u00a0<\/span><\/span><span style=\"font-size: 16px;\">la Mancha.<\/span><\/li>\n<li>\n<h5><span style=\"font-family: Arial, 'Arial Unicode MS', Helvetica, sans-serif;\"><b><span style=\"text-decoration: underline;\"><span style=\"color: black; font-family: 'Comic Sans MS', Tahoma, Arial, sans-serif; font-size: 16px;\">Sensibilizar<\/span><\/span><\/b> <span style=\"color: black; font-family: 'Comic Sans MS', Tahoma, Arial, sans-serif; font-size: 16px;\">a la opini\u00f3n p\u00fablica y las Administraciones de los problemas de tratamiento y prevenci\u00f3n de estas enfermedades.<\/span><\/span><\/h5>\n<\/li>\n<li>\n<h5><span style=\"font-family: Arial, 'Arial Unicode MS', Helvetica, sans-serif;\"><b><span style=\"text-decoration: underline;\"><span style=\"color: black; font-family: 'Comic Sans MS', Tahoma, Arial, sans-serif; font-size: 16px;\">Facilitar<\/span><\/span><\/b> <span style=\"color: black; font-family: 'Comic Sans MS', Tahoma, Arial, sans-serif; font-size: 16px;\">informaci\u00f3n sobre los trastornos de la conducta alimentaria a los <a href=\"mailto:enferm@s\"><span style=\"color: black; font-family: 'Comic Sans MS', Tahoma, Arial, sans-serif; font-size: 16px;\">enfermos<\/span><\/a><\/span><span style=\"font-family: 'Comic Sans MS', Tahoma, Arial, sans-serif; font-size: 12px;\">\/as<\/span> <span style=\"color: black; font-family: 'Comic Sans MS', Tahoma, Arial, sans-serif; font-size: 16px;\">y sus familiares<\/span><\/span><\/h5>\n<\/li>\n<li>\n<h5><span style=\"font-family: 'Comic Sans MS', Tahoma, Arial, sans-serif; font-size: 16px;\"><b><span style=\"text-decoration: underline;\"><span style=\"color: black; font-size: 16px;\">Promover<\/span><\/span><\/b> <span style=\"color: black; font-size: 16px;\">la utilizaci\u00f3n de todos los canales de informaci\u00f3n y ayuda para los asociados<\/span><span style=\"font-size: 16px;\">\/<\/span><span style=\"font-size: 16px;\">as.<\/span><\/span><\/h5>\n<\/li>\n<li>\n<h5><span style=\"font-family: Arial, 'Arial Unicode MS', Helvetica, sans-serif;\"><b><span style=\"text-decoration: underline;\"><span style=\"color: black; font-family: 'Comic Sans MS', Tahoma, Arial, sans-serif; font-size: 16px;\">Estimular<\/span><\/span><\/b> <span style=\"color: black; font-family: 'Comic Sans MS', Tahoma, Arial, sans-serif; font-size: 16px;\">y promover la investigaci\u00f3n cient\u00edfica de estas enfermedades en todos sus procesos<\/span><\/span><\/h5>\n<\/li>\n<li>\n<h5><span style=\"font-family: Arial, 'Arial Unicode MS', Helvetica, sans-serif;\"><b><span style=\"text-decoration: underline;\"><span style=\"color: black; font-family: 'Comic Sans MS', Tahoma, Arial, sans-serif; font-size: 16px;\">Prestar<\/span><\/span><\/b><b> <\/b><span style=\"color: black; font-family: 'Comic Sans MS', Tahoma, Arial, sans-serif; font-size: 16px;\">servicios<b> <\/b>de prevenci\u00f3n, tratamiento y rehabilitaci\u00f3n que mejoren la calidad de vida de los <a href=\"mailto:enferm@s\"><span style=\"color: black; font-family: 'Comic Sans MS', Tahoma, Arial, sans-serif; font-size: 16px;\">enfermos<\/span><\/a>\/as.<\/span><\/span><\/h5>\n<\/li>\n<li>\n<h5><span style=\"font-family: 'Comic Sans MS';\"><b><span style=\"text-decoration: underline;\"><span style=\"color: black; font-family: 'Comic Sans MS', Tahoma, Arial, sans-serif; font-size: 16px;\">Representar<\/span><\/span><\/b> <span style=\"color: black; font-family: 'Comic Sans MS', Tahoma, Arial, sans-serif; font-size: 16px;\">al colectivo de <a href=\"mailto:enferm@s\"><span style=\"color: black; font-family: 'Comic Sans MS', Tahoma, Arial, sans-serif; font-size: 16px;\">enfermos<\/span><\/a> para la consecuci\u00f3n de sus derechos y la denuncia de la vulneraci\u00f3n de \u00e9stos.<\/span><\/span><\/h5>\n<\/li>\n<li>\n<h5><span style=\"font-family: 'Comic Sans MS';\"><b><span style=\"text-decoration: underline;\"><span style=\"color: black; font-family: 'Comic Sans MS', Tahoma, Arial, sans-serif; font-size: 16px;\">Intercambiar<\/span><\/span><\/b> <span style=\"color: black; font-family: 'Comic Sans MS', Tahoma, Arial, sans-serif; font-size: 16px;\">, experiencias, emociones y sensaciones.<\/span><\/span><!-- [if !supportLists]--><\/h5>\n<\/li>\n<\/ul>\n<\/div>\n<\/div>\n<\/div>","protected":false},"excerpt":{"rendered":"<p>Apoyar la agrupaci\u00f3n de todos los enfermos\/as de trastornos de la conducta alimentaria (T.C.A) que viven en la regi\u00f3n de<\/p>\n","protected":false},"author":1,"featured_media":0,"parent":697,"menu_order":6,"comment_status":"closed","ping_status":"open","template":"","meta":{"footnotes":""},"class_list":["post-700","page","type-page","status-publish","hentry","wpautop"],"yoast_head":"<!-- This site is optimized with the Yoast SEO plugin v21.5 - https:\/\/yoast.com\/wordpress\/plugins\/seo\/ -->\n<title>\u00bf Qu\u00e9 perseguimos ? - Siempre cerca de ti...<\/title>\n<meta name=\"robots\" content=\"index, follow, max-snippet:-1, max-image-preview:large, max-video-preview:-1\" \/>\n<link rel=\"canonical\" href=\"https:\/\/abucaman.org\/?page_id=700\" \/>\n<meta property=\"og:locale\" content=\"es_ES\" \/>\n<meta property=\"og:type\" content=\"article\" \/>\n<meta property=\"og:title\" content=\"\u00bf Qu\u00e9 perseguimos ? - Siempre cerca de ti...\" \/>\n<meta property=\"og:description\" content=\"Apoyar la agrupaci\u00f3n de todos los enfermos\/as de trastornos de la conducta alimentaria (T.C.A) que viven en la regi\u00f3n de\" \/>\n<meta property=\"og:url\" content=\"https:\/\/abucaman.org\/?page_id=700\" \/>\n<meta property=\"og:site_name\" content=\"Siempre cerca de ti...\" \/>\n<meta property=\"article:modified_time\" content=\"2021-01-16T18:36:06+00:00\" \/>\n<meta property=\"og:image\" content=\"https:\/\/abucaman.org\/wp-content\/uploads\/2014\/02\/unidos-2-large.jpeg\" \/>\n<meta name=\"twitter:card\" content=\"summary_large_image\" \/>\n<meta name=\"twitter:label1\" content=\"Tiempo de lectura\" \/>\n\t<meta name=\"twitter:data1\" content=\"1 minuto\" \/>\n<script type=\"application\/ld+json\" class=\"yoast-schema-graph\">{\"@context\":\"https:\/\/schema.org\",\"@graph\":[{\"@type\":\"WebPage\",\"@id\":\"https:\/\/abucaman.org\/?page_id=700\",\"url\":\"https:\/\/abucaman.org\/?page_id=700\",\"name\":\"\u00bf Qu\u00e9 perseguimos ? - Siempre cerca de ti...\",\"isPartOf\":{\"@id\":\"https:\/\/abucaman.org\/#website\"},\"datePublished\":\"2014-02-16T23:24:09+00:00\",\"dateModified\":\"2021-01-16T18:36:06+00:00\",\"breadcrumb\":{\"@id\":\"https:\/\/abucaman.org\/?page_id=700#breadcrumb\"},\"inLanguage\":\"es\",\"potentialAction\":[{\"@type\":\"ReadAction\",\"target\":[\"https:\/\/abucaman.org\/?page_id=700\"]}]},{\"@type\":\"BreadcrumbList\",\"@id\":\"https:\/\/abucaman.org\/?page_id=700#breadcrumb\",\"itemListElement\":[{\"@type\":\"ListItem\",\"position\":1,\"name\":\"Portada\",\"item\":\"https:\/\/abucaman.org\/\"},{\"@type\":\"ListItem\",\"position\":2,\"name\":\"ABUCAMAN\",\"item\":\"https:\/\/abucaman.org\/?page_id=697\"},{\"@type\":\"ListItem\",\"position\":3,\"name\":\"\u00bf Qu\u00e9 perseguimos ?\"}]},{\"@type\":\"WebSite\",\"@id\":\"https:\/\/abucaman.org\/#website\",\"url\":\"https:\/\/abucaman.org\/\",\"name\":\"Abucaman\",\"description\":\"\",\"publisher\":{\"@id\":\"https:\/\/abucaman.org\/#organization\"},\"potentialAction\":[{\"@type\":\"SearchAction\",\"target\":{\"@type\":\"EntryPoint\",\"urlTemplate\":\"https:\/\/abucaman.org\/?s={search_term_string}\"},\"query-input\":\"required name=search_term_string\"}],\"inLanguage\":\"es\"},{\"@type\":\"Organization\",\"@id\":\"https:\/\/abucaman.org\/#organization\",\"name\":\"abucaman\",\"url\":\"https:\/\/abucaman.org\/\",\"logo\":{\"@type\":\"ImageObject\",\"inLanguage\":\"es\",\"@id\":\"https:\/\/abucaman.org\/#\/schema\/logo\/image\/\",\"url\":\"https:\/\/abucaman.org\/wp-content\/uploads\/2014\/03\/Logo-abucaman-2-png.png\",\"contentUrl\":\"https:\/\/abucaman.org\/wp-content\/uploads\/2014\/03\/Logo-abucaman-2-png.png\",\"width\":560,\"height\":420,\"caption\":\"abucaman\"},\"image\":{\"@id\":\"https:\/\/abucaman.org\/#\/schema\/logo\/image\/\"}}]}<\/script>\n<!-- \/ Yoast SEO plugin. -->","yoast_head_json":{"title":"\u00bf Qu\u00e9 perseguimos ? - Siempre cerca de ti...","robots":{"index":"index","follow":"follow","max-snippet":"max-snippet:-1","max-image-preview":"max-image-preview:large","max-video-preview":"max-video-preview:-1"},"canonical":"https:\/\/abucaman.org\/?page_id=700","og_locale":"es_ES","og_type":"article","og_title":"\u00bf Qu\u00e9 perseguimos ? - Siempre cerca de ti...","og_description":"Apoyar la agrupaci\u00f3n de todos los enfermos\/as de trastornos de la conducta alimentaria (T.C.A) que viven en la regi\u00f3n de","og_url":"https:\/\/abucaman.org\/?page_id=700","og_site_name":"Siempre cerca de ti...","article_modified_time":"2021-01-16T18:36:06+00:00","og_image":[{"url":"https:\/\/abucaman.org\/wp-content\/uploads\/2014\/02\/unidos-2-large.jpeg"}],"twitter_card":"summary_large_image","twitter_misc":{"Tiempo de lectura":"1 minuto"},"schema":{"@context":"https:\/\/schema.org","@graph":[{"@type":"WebPage","@id":"https:\/\/abucaman.org\/?page_id=700","url":"https:\/\/abucaman.org\/?page_id=700","name":"\u00bf Qu\u00e9 perseguimos ? - Siempre cerca de ti...","isPartOf":{"@id":"https:\/\/abucaman.org\/#website"},"datePublished":"2014-02-16T23:24:09+00:00","dateModified":"2021-01-16T18:36:06+00:00","breadcrumb":{"@id":"https:\/\/abucaman.org\/?page_id=700#breadcrumb"},"inLanguage":"es","potentialAction":[{"@type":"ReadAction","target":["https:\/\/abucaman.org\/?page_id=700"]}]},{"@type":"BreadcrumbList","@id":"https:\/\/abucaman.org\/?page_id=700#breadcrumb","itemListElement":[{"@type":"ListItem","position":1,"name":"Portada","item":"https:\/\/abucaman.org\/"},{"@type":"ListItem","position":2,"name":"ABUCAMAN","item":"https:\/\/abucaman.org\/?page_id=697"},{"@type":"ListItem","position":3,"name":"\u00bf Qu\u00e9 perseguimos ?"}]},{"@type":"WebSite","@id":"https:\/\/abucaman.org\/#website","url":"https:\/\/abucaman.org\/","name":"Abucaman","description":"","publisher":{"@id":"https:\/\/abucaman.org\/#organization"},"potentialAction":[{"@type":"SearchAction","target":{"@type":"EntryPoint","urlTemplate":"https:\/\/abucaman.org\/?s={search_term_string}"},"query-input":"required name=search_term_string"}],"inLanguage":"es"},{"@type":"Organization","@id":"https:\/\/abucaman.org\/#organization","name":"abucaman","url":"https:\/\/abucaman.org\/","logo":{"@type":"ImageObject","inLanguage":"es","@id":"https:\/\/abucaman.org\/#\/schema\/logo\/image\/","url":"https:\/\/abucaman.org\/wp-content\/uploads\/2014\/03\/Logo-abucaman-2-png.png","contentUrl":"https:\/\/abucaman.org\/wp-content\/uploads\/2014\/03\/Logo-abucaman-2-png.png","width":560,"height":420,"caption":"abucaman"},"image":{"@id":"https:\/\/abucaman.org\/#\/schema\/logo\/image\/"}}]}},"_links":{"self":[{"href":"https:\/\/abucaman.org\/index.php?rest_route=\/wp\/v2\/pages\/700","targetHints":{"allow":["GET"]}}],"collection":[{"href":"https:\/\/abucaman.org\/index.php?rest_route=\/wp\/v2\/pages"}],"about":[{"href":"https:\/\/abucaman.org\/index.php?rest_route=\/wp\/v2\/types\/page"}],"author":[{"embeddable":true,"href":"https:\/\/abucaman.org\/index.php?rest_route=\/wp\/v2\/users\/1"}],"replies":[{"embeddable":true,"href":"https:\/\/abucaman.org\/index.php?rest_route=%2Fwp%2Fv2%2Fcomments&post=700"}],"version-history":[{"count":4,"href":"https:\/\/abucaman.org\/index.php?rest_route=\/wp\/v2\/pages\/700\/revisions"}],"predecessor-version":[{"id":1573,"href":"https:\/\/abucaman.org\/index.php?rest_route=\/wp\/v2\/pages\/700\/revisions\/1573"}],"up":[{"embeddable":true,"href":"https:\/\/abucaman.org\/index.php?rest_route=\/wp\/v2\/pages\/697"}],"wp:attachment":[{"href":"https:\/\/abucaman.org\/index.php?rest_route=%2Fwp%2Fv2%2Fmedia&parent=700"}],"curies":[{"name":"wp","href":"https:\/\/api.w.org\/{rel}","templated":true}]}}